{"id":6427,"date":"2022-07-29T13:37:30","date_gmt":"2022-07-29T13:37:30","guid":{"rendered":"https:\/\/heloa.app\/parents-sante-mentale-2"},"modified":"2024-09-05T08:39:53","modified_gmt":"2024-09-05T06:39:53","slug":"parents-sante-mentale","status":"publish","type":"page","link":"https:\/\/heloa.app\/fr\/parents-sante-mentale","title":{"rendered":"Prendre soin des parents et de leur sant\u00e9 mentale"},"content":{"rendered":"\n<h2 class=\"wp-block-heading\" id=\"pr%C3%A9venir-la-d%C3%A9pression-du-post-partum-et-du-burn-out-maternel\"><strong>Pr\u00e9venir la d\u00e9pression du post-partum et du burn-out maternel<\/strong><\/h2>\n\n\n\n<p>L\u2019arriv\u00e9e d\u2019un enfant au sein d\u2019un foyer est tr\u00e8s souvent relatif \u00e0 de profond bouleversement dans la vie d\u2019un couple. Ces bouleversements peuvent \u00eatre d\u2019ordre divers et appara\u00eetre \u00e0 diff\u00e9rents moments suivant la naissance de l\u2019enfant. Si le baby-blues est commun\u00e9ment admis dans la soci\u00e9t\u00e9, deux autres pathologies aux cons\u00e9quences potentiellement lourdes font l\u2019objet de la recherche de Heloa : la d\u00e9pression du <a href=\"https:\/\/heloa.app\/fr\/blog\/parents\/post-partum\/quappelle-t-on-le-post-partum\">post-partum<\/a> et le burnout parental.<\/p>\n\n\n\n<h3 class=\"wp-block-heading\" id=\"%F0%9F%93%8D-l%E2%80%99aide-au-rep%C3%A9rage-pr%C3%A9coce-de-la-d%C3%A9pression-du-post-partum\"><strong>\ud83d\udccd L\u2019aide au rep\u00e9rage pr\u00e9coce de la d\u00e9pression du post-partum<\/strong><\/h3>\n\n\n\n<figure class=\"wp-block-image kg-card kg-image-card\"><img decoding=\"async\" src=\"https:\/\/heloa.app\/wp-content\/uploads\/2023\/09\/sante--parents-Heloa-application.jpg\" alt=\"\"><\/figure>\n\n\n\n<p>On compte environ 720 000 naissances par an en France.<\/p>\n\n\n\n<p>La parentalit\u00e9 implique pour chaque nouveau parent des changements radicaux de toute nature : biologique, comportementaux, psychiques, etc.<\/p>\n\n\n\n<p>Les jeunes mamans vont par exemple subir un important d\u00e9r\u00e8glement hormonal \u00e0 la naissance de l\u2019enfant [1] (baisse du taux de progesterone, etc.). En plus de cela, les changements d\u2019ordre organisationnels (deuil de la grossesse, la confrontation avec l\u2019enfant en r\u00e9el, etc.), la fatigue li\u00e9e \u00e0 la r\u00e9organisation du sommeil peuvent engendrer des instabilit\u00e9s psychologiques (pens\u00e9es n\u00e9gatives, mal-\u00eatre, crises de larmes, d\u00e9pression, etc.).<\/p>\n\n\n\n<p>On parle alors de baby-blues ou de <a href=\"https:\/\/heloa.app\/fr\/blog\/parents\/sante\/comprendre-la-depression-du-post-partum\">d\u00e9pression post-partum<\/a> :<\/p>\n\n\n\n<p>Le baby-blues touche 50% \u00e0 80% des femmes qui accouchent. Il est \u00e0 diff\u00e9rencier de <strong>la d\u00e9pression post-partum qui touche 10 \u00e0 20% dans les 4 semaines qui suivent l\u2019accouchement. <\/strong>Le <a href=\"https:\/\/heloa.app\/fr\/blog\/parents\/couple\/consequences-blues-sur-le-couple\">baby blues<\/a> dure habituellement entre quelques heures \u00e0 quelques jours et s\u2019accompagne d\u2019instabilit\u00e9 \u00e9motionnelle, de crises de larmes, d\u2019anxi\u00e9t\u00e9 etc.<\/p>\n\n\n\n<p>Si baby-blues n\u2019est pas corr\u00e9l\u00e9 \u00e0 d\u00e9pression du post-partum, il est important de pouvoir le d\u00e9pister s\u2019il venait \u00e0 s\u2019installer dans le temps (au-del\u00e0 d\u2019une semaine \u00e0 10 jours).<\/p>\n\n\n\n<blockquote class=\"wp-block-quote is-layout-flow wp-block-quote-is-layout-flow\">\n<p class=\"has-background\" style=\"background-color:#fdf4e6\">\ud83c\udfaf C\u2019est l\u2019une des ambitions de Heloa : par l\u2019interm\u00e9diaire d\u2019un questionnaire propos\u00e9 quelques jours apr\u00e8s la naissance de l\u2019enfant au parent, Heloa s\u2019int\u00e9resse \u00e0 cette p\u00e9riode charni\u00e8re entre la fin du baby-blues ou son \u00e9ventuelle installation pouvant laisser place \u00e0 la d\u00e9pression du post-partum.<\/p>\n<\/blockquote>\n\n\n\n<p>La d\u00e9pression du post-partum est une maladie ****qui peut appara\u00eetre pendant l\u2019ann\u00e9e suivant l\u2019accouchement. Lorsque des signaux faibles tels que la perte de plaisir, les pens\u00e9es n\u00e9gatives, le changement d\u2019app\u00e9tit, les difficult\u00e9s \u00e0 s\u2019endormir, le manque d\u2019\u00e9nergie s\u2019installent pendant au moins deux semaines, on parlera de d\u00e9pression du post-partum.<\/p>\n\n\n\n<p>Si dans la moiti\u00e9 des cas, on observe une gu\u00e9rison spontan\u00e9e au cours de la premi\u00e8re ann\u00e9e, la d\u00e9pression du post-partum repr\u00e9sente la premi\u00e8re cause de mortalit\u00e9 maternelle (environ 50 femmes se suicident par an). \u00c9galement le risque d\u2019infanticide doit \u00eatre rigoureusement \u00e9valu\u00e9 [2].<\/p>\n\n\n\n<p><strong>La d\u00e9pression post-partum ne touche pas uniquement les m\u00e8res, elle peut par effet de rebond ou pas, toucher les p\u00e8res. Ils seraient pr\u00e8s de 70 000 \u00e0 en souffrir en France [3] chaque ann\u00e9e.<\/strong><\/p>\n\n\n\n<p>Ces chiffres sont n\u00e9anmoins sous-estim\u00e9s car la d\u00e9pression du post-partum restent encore de nos jours une pathologie sous diagnostiqu\u00e9e (Selon une e\u0301tude OpinionWay de septembre 2021, 78 % des parents n\u2019ont jamais entendu parler de de\u0301pression post-partum lors des rendez-vous me\u0301dicaux).<\/p>\n\n\n\n<p>Heloa, s\u2019inscrit dans la d\u00e9marche d\u2019aide au rep\u00e9rage de la d\u00e9pression du post-partum en pr\u00e9sentant r\u00e9guli\u00e8rement des auto-questionnaires aux parents dans les semaines et mois qui suivront l\u2019accouchement dans l\u2019objectif d\u2019une prise de conscience mais \u00e9galement d\u2019une orientation m\u00e9dicale en cas de suspicion de signaux faibles.<\/p>\n\n\n\n<blockquote class=\"wp-block-quote is-layout-flow wp-block-quote-is-layout-flow\">\n<p class=\"has-background\" style=\"background-color:#fdf4e6\">\ud83d\udd0e \u00c0 ce jour, les chiffres de Heloa rel\u00e8vent pr\u00e8s de 17% de parents \u00e0 risque de d\u00e9pression du post-partum, un chiffre conforme aux chiffres avanc\u00e9es par la litt\u00e9rature et le gouvernement [4].<\/p>\n<\/blockquote>\n\n\n\n<h3 class=\"wp-block-heading\" id=\"%F0%9F%93%8D-l%E2%80%99aide-au-rep%C3%A9rage-pr%C3%A9coce-du-burn-out-parental\"><strong>\ud83d\udccd L\u2019aide au rep\u00e9rage pr\u00e9coce du burn-out parental<\/strong><\/h3>\n\n\n\n<figure class=\"wp-block-image kg-card kg-image-card\"><img decoding=\"async\" src=\"https:\/\/heloa.app\/wp-content\/uploads\/2023\/09\/sante--mentale-app-malo.jpg\" alt=\"\"><\/figure>\n\n\n\n<p>La parentalite\u0301 est une pe\u0301riode de fragilite\u0301 e\u0301motionnelle et physique tant les parents sont soumis a\u0300 de nombreux <a href=\"https:\/\/heloa.app\/fr\/blog\/parents\/vie-quotidienne\/apprendre-a-gerer-son-stress\">stress<\/a>, de\u0301se\u0301quilibrant en permanence et fragilisant leurs vies professionnelle et personnelle. Un autre ph\u00e9nom\u00e8ne peut affecter les parents : il s\u2019agit du <a href=\"https:\/\/heloa.app\/fr\/blog\/parents\/sante\/le-burn-out-parental\">burn-out<\/a> parental allant de la naissance jusqu\u2019\u00e0 l\u2019adolescence. Ce syndrome de d\u00e9tresse intense li\u00e9 \u00e0 la parentalit\u00e9 poss\u00e8de 3 caract\u00e9ristiques :<\/p>\n\n\n\n<ul class=\"wp-block-list\">\n<li>un \u00e9puisement physique et \u00e9motionnel<\/li>\n\n\n\n<li>un d\u00e9sengagement affectif<\/li>\n\n\n\n<li>la perte du sentiment d\u2019efficacit\u00e9 parentale.<\/li>\n<\/ul>\n\n\n\n<p>\u00c0 l\u2019image du burn-out professionnel, le burn-out parental repose sur un d\u00e9s\u00e9quilibre entre les demandes faites au parent et les ressources mises \u00e0 disposition pour y r\u00e9pondre, le tout en exposition permanente au stress.<\/p>\n\n\n\n<p>En rep\u00e9rant ce burnout parental d\u00e8s 6 mois apr\u00e8s la naissance de l\u2019enfant, Heloa souhaite affiner les connaissances des signaux faibles caract\u00e9risant cet \u00e9tat mais vise aussi \u00e0 aider les parents dans leur recherche de plus juste \u00e9quilibre entre vie personnelle, familiale et professionnelle.<\/p>\n\n\n\n<p>Le suivi par Heloa du risque des m\u00e8res face au burn-out parental d\u00e8s 6 mois apr\u00e8s la fin de la grossesse, selon l\u2019\u00e2ge de leur enfant, montre que le risque \u00e9lev\u00e9 de burnout parental oscille entre 4,2% de 24 \u00e0 35 mois et jusqu\u2019\u00e0 12,7% de 48 \u00e0 59 mois.<\/p>\n\n\n<style>.wp-block-kadence-advancedbtn.kb-btns6427_c918d8-5c{gap:var(--global-kb-gap-xs, 0.5rem );justify-content:center;align-items:center;}.kt-btns6427_c918d8-5c .kt-button{font-weight:normal;font-style:normal;}.kt-btns6427_c918d8-5c .kt-btn-wrap-0{margin-right:5px;}.wp-block-kadence-advancedbtn.kt-btns6427_c918d8-5c .kt-btn-wrap-0 .kt-button{color:#555555;border-color:#555555;}.wp-block-kadence-advancedbtn.kt-btns6427_c918d8-5c .kt-btn-wrap-0 .kt-button:hover, .wp-block-kadence-advancedbtn.kt-btns6427_c918d8-5c .kt-btn-wrap-0 .kt-button:focus{color:#ffffff;border-color:#444444;}.wp-block-kadence-advancedbtn.kt-btns6427_c918d8-5c .kt-btn-wrap-0 .kt-button::before{display:none;}.wp-block-kadence-advancedbtn.kt-btns6427_c918d8-5c .kt-btn-wrap-0 .kt-button:hover, .wp-block-kadence-advancedbtn.kt-btns6427_c918d8-5c .kt-btn-wrap-0 .kt-button:focus{background:#444444;}<\/style>\n<div class=\"wp-block-kadence-advancedbtn kb-buttons-wrap kb-btns6427_c918d8-5c\"><style>ul.menu .wp-block-kadence-advancedbtn .kb-btn6427_6c8cb4-4c.kb-button{width:initial;}.wp-block-kadence-advancedbtn .kb-btn6427_6c8cb4-4c.kb-button{text-transform:none;}<\/style><a class=\"kb-button kt-button button kb-btn6427_6c8cb4-4c kt-btn-size-standard kt-btn-width-type-auto kb-btn-global-fill  kt-btn-has-text-true kt-btn-has-svg-false  wp-block-kadence-singlebtn\" href=\"https:\/\/heloa.app\/les-francaises-et-le-burn-out-maternel\"><span class=\"kt-btn-inner-text\">D\u00e9couvrir l&rsquo;\u00e9tude Ifop sur le burn-out maternel<\/span><\/a><\/div>\n\n\n\n<blockquote class=\"wp-block-quote is-layout-flow wp-block-quote-is-layout-flow\">\n<p class=\"has-background\" style=\"background-color:#fdf4e6\">\ud83d\udd0e Les chiffres de Heloa sont en coh\u00e9rence avec ceux avanc\u00e9s par la litt\u00e9rature (Roskam et al. (2017)) qui montrent une pr\u00e9valence du burn-out parental entre 2 et 12% chez des parents ayant des enfants dont l&rsquo;\u00e2ge fluctue entre 0 et 38 mois en utilisant l&rsquo;\u00e9chelle parent burn-out inventory (PBI).<\/p>\n<\/blockquote>\n\n\n\n<div class=\"kg-card kg-toggle-card\" data-kg-toggle-state=\"close\">\n<div class=\"kg-toggle-heading\">\n<h4 class=\"kg-toggle-heading-text\"><b><strong style=\"white-space: pre-wrap;\">\ud83d\uddde Sources bibliographiques<\/strong><\/b><\/h4>\n<p>&nbsp;<\/p>\n<\/div>\n<div class=\"kg-toggle-content\">\n<p><span style=\"white-space: pre-wrap;\">[1] David R. Grattan et al. Chapter 2 &#8211; Neurophysiological and cognitive changes in pregnancy, Handbook of Clinical Neurology, Elsevier, Volume 171, 2020, Pages 25-55, ISSN 0072-9752, ISBN 9780444642394, <\/span><a href=\"https:\/\/doi.org\/10.1016\/B978-0-444-64239-4.00002-3\" target=\"_blank\" rel=\"noopener\"><span style=\"white-space: pre-wrap;\">https:\/\/doi.org\/10.1016\/B978-0-444-64239-4.00002-3<\/span><\/a><span style=\"white-space: pre-wrap;\">.<\/span><\/p>\n<p><span style=\"white-space: pre-wrap;\">[2] Jamie Maguire, Chapter 12 &#8211; Hormonal and immunological factors in postpartum psychosis, Biomarkers of Postpartum Psychiatric Disorders, Academic Press, 2020, Pages 159-179, ISBN 9780128155080, <\/span><a href=\"https:\/\/doi.org\/10.1016\/B978-0-12-815508-0.00012-6\" target=\"_blank\" rel=\"noopener\"><span style=\"white-space: pre-wrap;\">https:\/\/doi.org\/10.1016\/B978-0-12-815508-0.00012-6<\/span><\/a><span style=\"white-space: pre-wrap;\">.<\/span><\/p>\n<p><span style=\"white-space: pre-wrap;\">[3] Minist\u00e8re de la sant\u00e9 France &#8211; 1000 premiers jours &#8211; <\/span><a href=\"https:\/\/www.1000-premiers-jours.fr\/fr\/comment-differencier-baby-blues-et-depression-post-partum?xtor=SEC-4-GOO&amp;gclid=Cj0KCQjwxIOXBhCrARIsAL1QFCZXHlMExdYFnwFZe_y6lbRI86bffUAYDdNncHVFf7psYt7e8Dm9BlYaAqNVEALw_wcB&amp;gclsrc=aw.ds\" target=\"_blank\" rel=\"noopener\"><span style=\"white-space: pre-wrap;\">https:\/\/www.1000-premiers-jours.fr\/fr\/comment-differencier-baby-blues-et-depression-post-partum?xtor=SEC-4-GOO&amp;gclid=Cj0KCQjwxIOXBhCrARIsAL1QFCZXHlMExdYFnwFZe_y6lbRI86bffUAYDdNncHVFf7psYt7e8Dm9BlYaAqNVEALw_wcB&amp;gclsrc=aw.ds<\/span><\/a><\/p>\n<p><span style=\"white-space: pre-wrap;\">[4] Hahn-Holbrook J, Cornwell-Hinrichs T, Anaya I. Economic and health predictors of national postpartum depression prevalence: a systematic review, meta-analysis, and meta-regression of 291 studies from 56 countries. Front Psychiatry 2017 Feb 1;8:248<\/span><\/p>\n<\/div>\n<\/div>\n","protected":false},"excerpt":{"rendered":"<p>Si le baby-blues est commun\u00e9ment admis dans la soci\u00e9t\u00e9, deux autres pathologies aux cons\u00e9quences potentiellement lourdes font l\u2019objet de la recherche de Heloa : la d\u00e9pression du post-partum et le burnout parental.<\/p>\n","protected":false},"author":4,"featured_media":5751,"parent":0,"menu_order":0,"comment_status":"closed","ping_status":"closed","template":"","meta":{"_acf_changed":false,"_kad_blocks_custom_css":"","_kad_blocks_head_custom_js":"","_kad_blocks_body_custom_js":"","_kad_blocks_footer_custom_js":"","_kad_post_transparent":"","_kad_post_title":"","_kad_post_layout":"","_kad_post_sidebar_id":"","_kad_post_content_style":"","_kad_post_vertical_padding":"","_kad_post_feature":"","_kad_post_feature_position":"","_kad_post_header":false,"_kad_post_footer":false,"_kad_post_classname":"","footnotes":""},"class_list":["post-6427","page","type-page","status-publish","has-post-thumbnail","hentry"],"acf":[],"taxonomy_info":[],"featured_image_src_large":["https:\/\/heloa.app\/wp-content\/uploads\/2024\/09\/sante-mentale-parents-malo-1-818x1024.jpg",818,1024,true],"author_info":{"display_name":"Heloa","author_link":"https:\/\/heloa.app\/fr\/author\/expert-heloa"},"comment_info":0,"_links":{"self":[{"href":"https:\/\/heloa.app\/fr\/wp-json\/wp\/v2\/pages\/6427","targetHints":{"allow":["GET"]}}],"collection":[{"href":"https:\/\/heloa.app\/fr\/wp-json\/wp\/v2\/pages"}],"about":[{"href":"https:\/\/heloa.app\/fr\/wp-json\/wp\/v2\/types\/page"}],"author":[{"embeddable":true,"href":"https:\/\/heloa.app\/fr\/wp-json\/wp\/v2\/users\/4"}],"replies":[{"embeddable":true,"href":"https:\/\/heloa.app\/fr\/wp-json\/wp\/v2\/comments?post=6427"}],"version-history":[{"count":0,"href":"https:\/\/heloa.app\/fr\/wp-json\/wp\/v2\/pages\/6427\/revisions"}],"wp:featuredmedia":[{"embeddable":true,"href":"https:\/\/heloa.app\/fr\/wp-json\/wp\/v2\/media\/5751"}],"wp:attachment":[{"href":"https:\/\/heloa.app\/fr\/wp-json\/wp\/v2\/media?parent=6427"}],"curies":[{"name":"wp","href":"https:\/\/api.w.org\/{rel}","templated":true}]}}