{"id":6426,"date":"2022-07-29T13:01:56","date_gmt":"2022-07-29T13:01:56","guid":{"rendered":"https:\/\/heloa.app\/les-troubles-du-neurodeveloppement-2"},"modified":"2024-09-06T07:42:07","modified_gmt":"2024-09-06T05:42:07","slug":"les-troubles-du-neurodeveloppement","status":"publish","type":"page","link":"https:\/\/heloa.app\/fr\/les-troubles-du-neurodeveloppement","title":{"rendered":"Les troubles du neurod\u00e9veloppement"},"content":{"rendered":"\n<h2 class=\"wp-block-heading\" id=\"%F0%9F%93%8D-l%E2%80%99aide-au-rep%C3%A9rage-pr%C3%A9coce-des-%C3%A9carts-du-d%C3%A9veloppement\"><strong>\ud83d\udccd L\u2019aide au rep\u00e9rage pr\u00e9coce des \u00e9carts du d\u00e9veloppement<\/strong><\/h2>\n\n\n\n<figure class=\"wp-block-image kg-card kg-image-card\"><img decoding=\"async\" src=\"https:\/\/heloa.app\/wp-content\/uploads\/2023\/09\/ecarts-neurode-veloppement-app-malo.jpg\" alt=\"\"><\/figure>\n\n\n\n<p>D\u2019un point de vue purement biologique, le cerveau est constitu\u00e9 de neurones, qui communiquent entre eux pour \u00e9changer des informations. C\u2019est ce qui permet d\u2019ex\u00e9cuter des t\u00e2ches au quotidien, de communiquer : de vivre en soci\u00e9t\u00e9. <strong>Ces connexions, qui sont amen\u00e9es \u00e0 \u00e9voluer tout au long de notre vie, se mettent concr\u00e8tement en place pendant les premi\u00e8res ann\u00e9es de vie : c\u2019est le neurod\u00e9veloppement.<\/strong><\/p>\n\n\n\n<p>Apr\u00e8s la naissance, le neurod\u00e9veloppement de l\u2019enfant peut rencontrer une ou plusieurs d\u00e9ficience(s) li\u00e9e(s) \u00e0 un\/des \u00e9v\u00e9nement(s) d\u2019ordres multiples et vari\u00e9s (g\u00e9n\u00e9tique, environnemental, etc.). La qualit\u00e9 de vie \u00e0 venir de l\u2019enfant en sera grandement impact\u00e9e si cette d\u00e9ficience n\u2019est pas d\u00e9tect\u00e9e ou si elle l\u2019est trop tardivement. Parmi ces d\u00e9ficiences, on retrouve les troubles du d\u00e9veloppement neurologique (<a href=\"https:\/\/heloa.app\/fr\/blog\/0-12-mois\/sante\/reperage-tsa-tda-dys\">TND<\/a>), plus pr\u00e9cis\u00e9ment les troubles du spectre autistique (TSA), qui touchent 1 enfant sur 166 [1]. Actuellement, le d\u00e9lai moyen de diagnostic est d&rsquo;environ 4 ans, alors que les d\u00e9clarations de consensus de la communaut\u00e9 scientifique en lien avec les autorit\u00e9s de sant\u00e9 indiquent qu&rsquo;un diagnostic peut \u00eatre pos\u00e9 d\u00e8s l&rsquo;\u00e2ge de 12 ou 18 mois [2][3]. D&rsquo;autres troubles qui m\u00e9ritent un d\u00e9pistage pr\u00e9coce sont les troubles de l&rsquo;audition, qui sont observ\u00e9s chez 1 sur 300 enfants \u00e0 l&rsquo;\u00e2ge de 3 ans [4], et le principal trouble visuel chez les des tout-petits, l&rsquo;amblyopie, dont la pr\u00e9valence est de 3 % [5][6].<\/p>\n\n\n\n<blockquote class=\"wp-block-quote is-layout-flow wp-block-quote-is-layout-flow\">\n<p class=\"has-background\" style=\"background-color:#f1ebfd\">\ud83d\udca1 Il est int\u00e9ressant de noter que les parents sont les principaux contributeurs au d\u00e9pistage des troubles du neurod\u00e9veloppement de leurs enfants, dans 61% des cas [7].<\/p>\n<\/blockquote>\n\n\n\n<p>D\u2019autres troubles li\u00e9s \u00e0 des dysfonctionnements cognitifs sp\u00e9cifiques peuvent toucher le langage et le geste et conduire \u00e0 des probl\u00e8mes d\u2019apprentissage tout au long de la vie, il s\u2019agit des <a href=\"https:\/\/heloa.app\/fr\/blog\/parents\/sante\/troubles-dys-enfance-age-adulte\">troubles DYS<\/a>.<\/p>\n\n\n\n<p>En France, la prise en charge du d\u00e9pistage pr\u00e9coce a \u00e9t\u00e9 encadr\u00e9e par la cr\u00e9ation des <a href=\"https:\/\/heloa.app\/reperage-tsa-tda-dys\/\">plateformes de coordination et d&rsquo;orientation<\/a>.<\/p>\n\n\n\n<h3 class=\"wp-block-heading\" id=\"%F0%9F%94%8E-suite-sur-l%E2%80%99%C3%A9tude-clinique-qui-va-%C3%AAtre-men%C3%A9e\"><strong>\ud83d\udd0e Suite sur l\u2019\u00e9tude clinique qui va \u00eatre men\u00e9e<\/strong><\/h3>\n\n\n\n<p><strong>Une premi\u00e8re \u00e9tude clinique relatives aux premiers r\u00e9sultats de Heloa a \u00e9t\u00e9 publi\u00e9e en mai 2022 dans la revue scientifique JMIR <\/strong>[8]. Elle mettait en exergue l\u2019aide au rep\u00e9rage pr\u00e9coce m\u00e9dian de certains signaux faibles de la socialisation (li\u00e9s aux troubles du spectre autistique) d\u00e8s l\u2019\u00e2ge de 12 mois dans 0,9% des cas. \u00c9galement certains signaux faibles de troubles de l\u2019audition et de la vision avaient respectivement un \u00e2ge de rep\u00e9rage pr\u00e9coce m\u00e9dian de 9 mois dans 11,3% des cas et de 17 mois dans 1,8% des cas. Depuis, l\u2019\u00e9quipe m\u00e9dicale de Heloa a revu son processus d\u2019aide au rep\u00e9rage pr\u00e9coce de ces troubles par le biais de questionnaires progressifs, organis\u00e9s en 3 niveaux d\u2019aide au rep\u00e9rage dans l\u2019objectif d\u2019affiner ces chiffres et de les confirmer.<\/p>\n\n\n\n<blockquote class=\"wp-block-quote is-layout-flow wp-block-quote-is-layout-flow\">\n<p class=\"has-background\" style=\"background-color:#f1ebfd\">\ud83c\udfaf L\u2019objectif premier de Heloa est de confirmer la sp\u00e9cificit\u00e9 et la sensibilit\u00e9 de nos algorithmes pour l\u2019aide au rep\u00e9rage pr\u00e9coce des troubles du neurod\u00e9veloppement entre 18 et 24 mois.<\/p>\n<\/blockquote>\n\n\n\n<p>L\u2019analyse des r\u00e9sultats de ces nouveaux questionnaires fera l\u2019objet d\u2019une nouvelle publication scientifique.<\/p>\n\n\n\n<h2 class=\"wp-block-heading\" id=\"%F0%9F%93%8D-l%E2%80%99aide-au-rep%C3%A9rage-pr%C3%A9coce-des-troubles-dys\"><strong>\ud83d\udccd L\u2019aide au rep\u00e9rage pr\u00e9coce des troubles Dys<\/strong><\/h2>\n\n\n\n<figure class=\"wp-block-image kg-card kg-image-card\"><img decoding=\"async\" src=\"https:\/\/heloa.app\/wp-content\/uploads\/2023\/09\/malo-troubles-dys.jpg\" alt=\"\"><\/figure>\n\n\n\n<p>Heloa s\u2019est associ\u00e9 \u00e0 la FFDys pour la cr\u00e9ation d\u2019auto-questionnaires de suivi afin de favoriser le rep\u00e9rage pr\u00e9coce des troubles dys par les parents et ainsi \u00e9viter l\u2019errance m\u00e9dicale.<\/p>\n\n\n\n<p>Par l\u2019interm\u00e9diaire des questionnaires destin\u00e9s \u00e0 veiller au bon d\u00e9veloppement de l\u2019enfant entre 0 et 7 ans, Heloa interroge le parent sur 3 domaines cl\u00e9s :<\/p>\n\n\n\n<p>\u2022 l\u2019acquisition du langage oral,<\/p>\n\n\n\n<p>\u2022 du langage \u00e9crit<\/p>\n\n\n\n<p>\u2022 et de la <a href=\"https:\/\/heloa.app\/fr\/blog\/1-3-ans\/developpement\/etapes-developpement-motricite\">motricit\u00e9<\/a> fine.<\/p>\n\n\n\n<p>Lorsque certains troubles viennent affecter certains de ces domaines, on parle de troubles DYS. En France estime qu\u2019une m\u00eame classe d\u2019\u00e2ge compte 6 \u00e0 8% d\u2019enfants Dys.<\/p>\n\n\n\n<p><strong>Les troubles DYS repr\u00e9sentent des dysfonctionnements cognitifs sp\u00e9cifiques conduisant \u00e0 des probl\u00e8mes d\u2019apprentissage.<\/strong> Ces troubles peuvent appara\u00eetre au cours du d\u00e9veloppement de l\u2019enfant et affecter par exemple le langage et le geste. Ils ont des r\u00e9percussions sur la vie scolaire, professionnelle et sociale. L\u2019aide au rep\u00e9rage des troubles DYS est donc d\u00e9terminante.<\/p>\n\n\n\n<p>Si, \u00e0 la naissance le d\u00e9veloppement de la communication et de la motricit\u00e9 fine est englob\u00e9 dans le neurod\u00e9veloppement, d\u00e8s l\u2019\u00e2ge de 3 mois, il est possible d\u2019interroger le parent distinctement sur le d\u00e9veloppement de 2 domaines cl\u00e9s : l\u2019acquisition du langage oral et de la motricit\u00e9 fine. L\u2019acquisition du langage \u00e9crit interviendra plus tardivement dans le d\u00e9veloppement de l\u2019enfant, gr\u00e2ce aux apprentissages scolaires, en fin de grande section de maternelle.<\/p>\n\n\n\n<p>Parmi ces troubles, on retrouve notamment :<\/p>\n\n\n\n<ul class=\"wp-block-list\">\n<li>La <strong><a href=\"https:\/\/heloa.app\/fr\/blog\/1-3-ans\/sante\/les-dysphasies\">dysphasie<\/a><\/strong> qui regroupe les <strong>troubles du langage oral<\/strong>. Ils peuvent affecter les aspects r\u00e9ceptifs : d\u00e9codage du langage re\u00e7u et\/ou expressifs : difficult\u00e9 de prononciation et de syntaxe, pauvret\u00e9 lexicale. Il en r\u00e9sulte pour l\u2019enfant des difficult\u00e9s de communication, d\u2019apprentissage et d\u2019int\u00e9gration scolaire.<\/li>\n\n\n\n<li>La <strong><a href=\"https:\/\/heloa.app\/fr\/blog\/1-3-ans\/sante\/les-dyspraxies\">dyspraxie<\/a><\/strong> qui regroupe les <strong>troubles du d\u00e9veloppement moteur<\/strong>. Ils touchent notamment l\u2019organisation des gestes de l\u2019enfant et\/ou l\u2019acquisition de la coordination de ses mouvements, en prenant en compte l\u2019aspect sensoriel (perception, visualisation spatiale etc.). L\u2019enfant rencontre donc des difficult\u00e9s \u00e0 r\u00e9aliser un geste ou \u00e0 le reproduire (s\u2019habiller, manipuler des objets etc.), entra\u00eenant de la maladresse, des probl\u00e8mes d&rsquo;\u00e9criture, de d\u00e9placement et de lenteur.<\/li>\n\n\n\n<li>La <strong><a href=\"https:\/\/heloa.app\/fr\/blog\/1-3-ans\/sante\/les-dyslexies\">dyslexie<\/a> qui<\/strong> regroupe les <strong>troubles du langage \u00e9crit<\/strong>. La dyslexie est caract\u00e9ris\u00e9e par une alt\u00e9ration de la lecture. L\u2019enfant se retrouve dans l\u2019incapacit\u00e9 \u00e0 m\u00e9moriser la forme visuelle des mots et \u00e0 les reconna\u00eetre globalement entra\u00eenant une lecture h\u00e9sitante et ralentie. S\u2019en suivent des troubles de l&rsquo;orthographe, de la lecture, de la compr\u00e9hension globale entra\u00eenant notamment des retards scolaires.<\/li>\n<\/ul>\n\n\n\n<blockquote class=\"wp-block-quote is-layout-flow wp-block-quote-is-layout-flow\">\n<p class=\"has-background\" style=\"background-color:#f1ebfd\">\ud83d\udca1Les \u00e9quipes Heloa et la FFDys ont mis en commun leurs connaissances pour mettre \u00e0 disposition des parents une aide au rep\u00e9rage pr\u00e9coce de ces troubles, des conseils adapt\u00e9s \u00e0 la situation de leur enfant et, si des sympt\u00f4mes de \u00ab neuro-atypie \u00bb sont rep\u00e9r\u00e9s via les questionnaires de suivi, ces derniers acc\u00e8dent \u00e0 une fonctionnalit\u00e9 leur permettant de trouver le r\u00e9seau de soins le plus proche de chez eux.<\/p>\n<\/blockquote>\n\n\n\n<h3 class=\"wp-block-heading\" id=\"%F0%9F%94%8E-suite-sur-l%E2%80%99%C3%A9tude-clinique-qui-va-%C3%AAtre-men%C3%A9e-1\"><strong>\ud83d\udd0e Suite sur l\u2019\u00e9tude clinique qui va \u00eatre men\u00e9e<\/strong><\/h3>\n\n\n\n<blockquote class=\"wp-block-quote is-style-default has-background is-layout-flow wp-block-quote-is-layout-flow\" style=\"background-color:#f1ebfd\">\n<p>\ud83c\udfaf La future \u00e9tude clinique de Heloa a pour objectif de d\u00e9montrer l\u2019efficience des questonnaires d\u2019aide au rep\u00e9rage pr\u00e9coce des troubles DYS (dysphasie, dyspraxie, dyslexie) \u00e0 une phase pr\u00e9coce du neurod\u00e9veloppement de l\u2019enfant.<\/p>\n<\/blockquote>\n\n\n\n<p><\/p>\n\n\n\n<p>Gr\u00e2ce \u00e0 un processus progressif, nous interrogeons chaque mois le parent sur les diff\u00e9rents domaines du neurod\u00e9veloppement li\u00e9s \u00e0 ces troubles afin d\u2019attester de la bonne \u00e9volution du neurod\u00e9veloppement de l\u2019enfant. D\u00e8s lors qu\u2019une suspicion est lev\u00e9e, d\u2019autres questions plus pr\u00e9cises sont propos\u00e9es aux parents. Tenant compte de la plasticit\u00e9 du neurod\u00e9veloppement, elles permettent au bout de quelques semaines d\u2019orienter le parent vers un parcours de soin si aucune am\u00e9lioration concr\u00e8te n\u2019est relev\u00e9e. Ce sont ces r\u00e9sultats et leur confirmations qui seront analys\u00e9s et publi\u00e9s dans la prochaine \u00e9tude scientifique de Heloa.<\/p>\n\n\n\n<h2 class=\"wp-block-heading\" id=\"%F0%9F%97%93-malo-est-co-organisateur-de-la-16%C3%A8me-journ%C3%A9e-nationale-des-dys\">\ud83d\uddd3 Heloa est co-organisateur de la 16\u00e8me Journ\u00e9e nationale des Dys<\/h2>\n\n\n\n<p>En 2022, Heloa et la FFDys poursuivent leur partenariat \u00e0 l\u2019occasion de l\u2019organisation conjointe de la 16\u00e8me \u00e9dition de la Journ\u00e9e Nationale des Dys qui a pour objectif de sensibiliser le grand public, les professionnels et les politiques aux troubles Dys. Faire conna\u00eetre les troubles Dys, c\u2019est en effet permettre \u00e0 chacun de mieux les rep\u00e9rer.<\/p>\n\n\n\n<figure class=\"wp-block-embed is-type-video is-provider-youtube wp-block-embed-youtube wp-embed-aspect-16-9 wp-has-aspect-ratio\"><div class=\"wp-block-embed__wrapper\">\n<iframe loading=\"lazy\" title=\"16\u00e8me Journ\u00e9e Nationale des Dys\" width=\"720\" height=\"405\" src=\"https:\/\/www.youtube.com\/embed\/kF07YP5xsMk?feature=oembed\" frameborder=\"0\" allow=\"accelerometer; autoplay; clipboard-write; encrypted-media; gyroscope; picture-in-picture; web-share\" referrerpolicy=\"strict-origin-when-cross-origin\" allowfullscreen><\/iframe>\n<\/div><figcaption class=\"wp-element-caption\">Journ\u00e9e Nationale des Dys<\/figcaption><\/figure>\n\n\n<style>.wp-block-kadence-advancedbtn.kb-btns6426_eaae6a-4c{gap:var(--global-kb-gap-xs, 0.5rem );justify-content:center;align-items:center;}.kt-btns6426_eaae6a-4c .kt-button{font-weight:normal;font-style:normal;}.kt-btns6426_eaae6a-4c .kt-btn-wrap-0{margin-right:5px;}.wp-block-kadence-advancedbtn.kt-btns6426_eaae6a-4c .kt-btn-wrap-0 .kt-button{color:#555555;border-color:#555555;}.wp-block-kadence-advancedbtn.kt-btns6426_eaae6a-4c .kt-btn-wrap-0 .kt-button:hover, .wp-block-kadence-advancedbtn.kt-btns6426_eaae6a-4c .kt-btn-wrap-0 .kt-button:focus{color:#ffffff;border-color:#444444;}.wp-block-kadence-advancedbtn.kt-btns6426_eaae6a-4c .kt-btn-wrap-0 .kt-button::before{display:none;}.wp-block-kadence-advancedbtn.kt-btns6426_eaae6a-4c .kt-btn-wrap-0 .kt-button:hover, .wp-block-kadence-advancedbtn.kt-btns6426_eaae6a-4c .kt-btn-wrap-0 .kt-button:focus{background:#444444;}<\/style>\n<div class=\"wp-block-kadence-advancedbtn kb-buttons-wrap kb-btns6426_eaae6a-4c\"><style>ul.menu .wp-block-kadence-advancedbtn .kb-btn6426_06ca7f-82.kb-button{width:initial;}.wp-block-kadence-advancedbtn .kb-btn6426_06ca7f-82.kb-button{text-transform:none;}<\/style><a class=\"kb-button kt-button button kb-btn6426_06ca7f-82 kt-btn-size-standard kt-btn-width-type-auto kb-btn-global-fill  kt-btn-has-text-true kt-btn-has-svg-false  wp-block-kadence-singlebtn\" href=\"https:\/\/heloa.app\/reperage-des-dys\"><span class=\"kt-btn-inner-text\">Rep\u00e9rage des troubles dys<\/span><\/a><\/div>\n\n\n\n<h2 class=\"wp-block-heading\" id=\"une-%C3%A9quipe-de-recherche-d%C3%A9di%C3%A9e\">Une \u00e9quipe de recherche d\u00e9di\u00e9e<\/h2>\n\n\n\n<figure class=\"wp-block-image kg-card kg-image-card\"><img decoding=\"async\" src=\"https:\/\/heloa.app\/wp-content\/uploads\/2022\/07\/Frame-2559.png\" alt=\"\"><\/figure>\n\n\n\n<p><strong>\ud83d\udfe3 Pr Fabrice Denis &#8211;<\/strong> Cofondateur et directeur m\u00e9dical chez Heloa &#8211; Canc\u00e9rologue \u00e0 l\u2019Institut Interr\u00e9gional de Canc\u00e9rologie Jean Bernard au Mans, docteur en m\u00e9decine, docteur en sciences et professeur associ\u00e9 en e-sant\u00e9 et IA (Intelligence Artificielle) \u00e0 la facult\u00e9 de m\u00e9decine de Paris Centre.<\/p>\n\n\n\n<p><strong>\ud83d\udfe3 Pr Olivier Bonnot &#8211;<\/strong> chef de service CHU Nantes p\u00e9dopsychiatre : relecture des publications scientifiques sur les sujets des \u00e9carts de d\u00e9veloppement<\/p>\n\n\n\n<p><strong>\ud83d\udfe3 Dr Agn\u00e8s. Gepner &#8211;<\/strong> Responsable coordination p\u00f4le m\u00e9dical Heloa et garante de la pertinence m\u00e9dicale chez Heloa &#8211; Docteur en M\u00e9decine depuis 1985, sp\u00e9cialiste en anesth\u00e9sie-r\u00e9animation depuis 1986 en <a href=\"https:\/\/heloa.app\/fr\/blog\/grossesse\/accouchement\/quand-partir-pour-la-maternite\">maternit\u00e9<\/a><\/p>\n\n\n\n<p><strong>\ud83d\udfe3 Dr Gu\u00e9dalia. Peretz Assuied &#8211;<\/strong> P\u00e9dopsychiatre. Validateur des questionnaires des \u00e9carts du d\u00e9veloppement chez les enfants<\/p>\n\n\n\n<p><strong>\ud83d\udfe3 Les \u00e9quipes d\u00e9di\u00e9es \u00e0 la data &amp; au logiciel<\/strong> Heloa<\/p>\n\n\n\n<div class=\"kg-card kg-toggle-card\" data-kg-toggle-state=\"close\">\n<div class=\"kg-toggle-heading\">\n<h4 class=\"kg-toggle-heading-text\"><span style=\"white-space: pre-wrap;\">\ud83d\uddde Bibliographie scientifique :<\/span><\/h4>\n<p>&nbsp;<\/p>\n<\/div>\n<div class=\"kg-toggle-content\">\n<p><span style=\"white-space: pre-wrap;\">[1] GBD 2019 Mental Disorders Collaborators. Global, regional, and national burden of 12 mental disorders in 204 countries and territories, 1990-2019: a systematic analysis for the global burden of disease study 2019. Lancet Psychiatry 2022 Feb;9(2):137-150<\/span><\/p>\n<p><span style=\"white-space: pre-wrap;\">[2] Wetherby AM, Brosnan-Maddox S, Peace V, Newton L. Validation of the infant-toddler checklist as a broadband screener for autism spectrum disorders from 9 to 24 months of age. Autism 2008 Sep 01;12(5):487-511<\/span><\/p>\n<p><span style=\"white-space: pre-wrap;\">[3] Pierce K, Gazestani VH, Bacon E, Barnes CC, Cha D, Nalabolu S, et al. Evaluation of the diagnostic stability of the early autism spectrum disorder phenotype in the general population starting at 12 months. JAMA Pediatr 2019 Jun 01;173(6):578-587<\/span><\/p>\n<p><span style=\"white-space: pre-wrap;\">[4] D\u00e9pistage des troubles de l&rsquo;audition chez l&rsquo;enfant: guide pratique. Minist\u00e8re des Solidarit\u00e9s et de la Sant\u00e9. 2009 Jun. URL: <\/span><a href=\"https:\/\/solidarites-sante.gouv.fr\/IMG\/pdf\/Depistage_des_troubles_de_l_audition_chez_l_enfant.pdf\" target=\"_blank\" rel=\"noopener\"><span style=\"white-space: pre-wrap;\">https:\/\/solidarites-sante.gouv.fr\/IMG\/pdf\/Depistage_des_troubles_de_l_audition_chez_l_enfant.pdf<\/span><\/a><\/p>\n<p><span style=\"white-space: pre-wrap;\">[5] D\u00e9pistage des Troubles Visuels chez l&rsquo;Enfant: Guide Pratique. 2009 Jun. URL: <\/span><a href=\"https:\/\/solidarites-sante.gouv.fr\/IMG\/pdf\/\" target=\"_blank\" rel=\"noopener\"><span style=\"white-space: pre-wrap;\">https:\/\/solidarites-sante.gouv.fr\/IMG\/pdf\/<\/span><\/a><span style=\"white-space: pre-wrap;\">Depistage_des_troubles_visuels_chez_l_enfant.pdf<\/span><\/p>\n<p><span style=\"white-space: pre-wrap;\">[6] McConaghy JR, McGuirk R. Amblyopia: detection and treatment. Am Fam Physician 2019 Dec 15;100(12):745-750<\/span><\/p>\n<p><span style=\"white-space: pre-wrap;\">[7] Ce que nous disent les personnes et les familles sur leur parcours de vie. French Government. 2020 Jun. URL: <\/span><a href=\"https:\/\/www\"><span style=\"white-space: pre-wrap;\">https:\/\/www<\/span><\/a><span style=\"white-space: pre-wrap;\">. <\/span><a href=\"http:\/\/ipsos.com\/sites\/default\/files\/ct\/news\/documents\/2020-06\/etude_ipsos_tnd_2020_def.pdf\" target=\"_blank\" rel=\"noopener\"><span style=\"white-space: pre-wrap;\">ipsos.com\/sites\/default\/files\/ct\/news\/documents\/2020-06\/etude_ipsos_tnd_2020_def.pdf<\/span><\/a><\/p>\n<p><span style=\"white-space: pre-wrap;\">[8] Denis F, Maurier L, Carillo K, Ologeanu-Taddei R, Septans A, Gepner A, Le Goff F, Desbois M, Demurger B, Silber D, Zeitoun J, Assuied GP, Bonnot O. Early Detection of Neurodevelopmental Disorders of Toddlers and Postnatal Depression by Mobile Health App: Observational Cross-sectional Study. JMIR Mhealth Uhealth 2022;10(5):e38181. doi: <\/span><a href=\"https:\/\/doi.org\/10.2196\/38181\" target=\"_blank\" rel=\"noopener\"><span style=\"white-space: pre-wrap;\">10.2196\/38181<\/span><\/a><span style=\"white-space: pre-wrap;\">. PMID: <\/span><a href=\"https:\/\/www.ncbi.nlm.nih.gov\/pubmed\/35576565\" target=\"_blank\" rel=\"noopener\"><span style=\"white-space: pre-wrap;\">35576565<\/span><\/a><span style=\"white-space: pre-wrap;\">.<\/span><\/p>\n<\/div>\n<\/div>\n","protected":false},"excerpt":{"rendered":"<p>L&rsquo;application Heloa fait avancer la recherche p\u00e9diatrique. D\u00e9couvrez son travail de recherche sur le neurod\u00e9veloppement et les troubles Dys.<\/p>\n","protected":false},"author":4,"featured_media":5750,"parent":0,"menu_order":0,"comment_status":"closed","ping_status":"closed","template":"","meta":{"_acf_changed":false,"_kad_blocks_custom_css":"","_kad_blocks_head_custom_js":"","_kad_blocks_body_custom_js":"","_kad_blocks_footer_custom_js":"","_kad_post_transparent":"","_kad_post_title":"","_kad_post_layout":"","_kad_post_sidebar_id":"","_kad_post_content_style":"","_kad_post_vertical_padding":"","_kad_post_feature":"","_kad_post_feature_position":"","_kad_post_header":false,"_kad_post_footer":false,"_kad_post_classname":"","footnotes":""},"class_list":["post-6426","page","type-page","status-publish","has-post-thumbnail","hentry"],"acf":[],"taxonomy_info":[],"featured_image_src_large":["https:\/\/heloa.app\/wp-content\/uploads\/2024\/09\/Heloa-recherche-neurodeveloppement-1.jpg",1,1,false],"author_info":{"display_name":"Heloa","author_link":"https:\/\/heloa.app\/fr\/author\/expert-heloa"},"comment_info":0,"_links":{"self":[{"href":"https:\/\/heloa.app\/fr\/wp-json\/wp\/v2\/pages\/6426","targetHints":{"allow":["GET"]}}],"collection":[{"href":"https:\/\/heloa.app\/fr\/wp-json\/wp\/v2\/pages"}],"about":[{"href":"https:\/\/heloa.app\/fr\/wp-json\/wp\/v2\/types\/page"}],"author":[{"embeddable":true,"href":"https:\/\/heloa.app\/fr\/wp-json\/wp\/v2\/users\/4"}],"replies":[{"embeddable":true,"href":"https:\/\/heloa.app\/fr\/wp-json\/wp\/v2\/comments?post=6426"}],"version-history":[{"count":0,"href":"https:\/\/heloa.app\/fr\/wp-json\/wp\/v2\/pages\/6426\/revisions"}],"wp:featuredmedia":[{"embeddable":true,"href":"https:\/\/heloa.app\/fr\/wp-json\/wp\/v2\/media\/5750"}],"wp:attachment":[{"href":"https:\/\/heloa.app\/fr\/wp-json\/wp\/v2\/media?parent=6426"}],"curies":[{"name":"wp","href":"https:\/\/api.w.org\/{rel}","templated":true}]}}