{"id":6356,"date":"2022-03-17T14:08:36","date_gmt":"2022-03-17T14:08:36","guid":{"rendered":"https:\/\/heloa.app\/partenaires-marketing"},"modified":"2022-03-17T14:08:36","modified_gmt":"2022-03-17T14:08:36","slug":"partenaires-marketing","status":"publish","type":"page","link":"https:\/\/heloa.app\/fr\/partenaires-marketing","title":{"rendered":"Partenaires marketing"},"content":{"rendered":"<p>Depuis janvier 2022, Heloa construit de nouveaux partenariats avec des marques aux valeurs partag\u00e9es pour permettre des \u00e9changes de visibilit\u00e9.<\/p><h2 id=\"brut\">Brut<\/h2><figure class=\"kg-card kg-image-card kg-card-hascaption\"><img decoding=\"async\" src=\"https:\/\/heloa.app\/wp-content\/uploads\/2023\/07\/Brut.png\" class=\"kg-image\" alt=\"\" loading=\"lazy\" width=\"304\" height=\"200\"><figcaption><span style=\"white-space: pre-wrap;\">Brut x Heloa &#8211; partenaire depuis 2022<\/span><\/figcaption><\/figure><p>En mai 2022, le m\u00e9dia <a href=\"https:\/\/www.brut.media\/fr\/health\/malo-l-application-qui-veille-au-bien-etre-des-parents-0a5fb2d3-6e9d-4b47-a0c5-acaefa38b7a5\" target=\"_blank\" rel=\"noopener\">Brut<\/a> et Heloa ont r\u00e9alis\u00e9 un partenariat pour sensibiliser le grand public au <a href=\"https:\/\/heloa.app\/fr\/blog\/parents\/sante\/le-burn-out-parental\">burn-out<\/a> maternel.<\/p><p><\/p><h2 id=\"magicmaman\">Magicmaman<\/h2><figure class=\"kg-card kg-image-card kg-card-hascaption\"><img decoding=\"async\" src=\"https:\/\/heloa.app\/wp-content\/uploads\/2023\/07\/magicmaman.png\" class=\"kg-image\" alt=\"\" loading=\"lazy\" width=\"304\" height=\"200\"><figcaption><span style=\"white-space: pre-wrap;\">magicMaman x Heloa &#8211; partenaire depuis 2022<\/span><\/figcaption><\/figure><p>En septembre 2022, le magazine <a href=\"https:\/\/www.magicmaman.com\/magicmaman-lance-la-semaine-de-sensibilisation-au-post-partum,3709235.asp\" target=\"_blank\" rel=\"noopener\">Magicmaman<\/a> organisait une semaine de sensibilisation au <a href=\"https:\/\/heloa.app\/fr\/blog\/parents\/post-partum\/quappelle-t-on-le-post-partum\">post-partum<\/a> en partenariat avec l&rsquo;application Heloa !<\/p><h2 id=\"alice-jeunesse\"><br>Alice Jeunesse<\/h2><figure class=\"kg-card kg-image-card kg-card-hascaption\"><img decoding=\"async\" src=\"https:\/\/heloa.app\/wp-content\/uploads\/2023\/07\/alice-jeunesse.png\" class=\"kg-image\" alt=\"\" loading=\"lazy\" width=\"304\" height=\"200\"><figcaption><span style=\"white-space: pre-wrap;\">Alice jeunesse x Heloa &#8211; partenaire depuis 2022<\/span><\/figcaption><\/figure><p>Maison d\u2019\u00e9dition jeunesse engag\u00e9e, <a href=\"https:\/\/www.alice-editions.be\/qui-sommes-nous\/\" target=\"_blank\" rel=\"noopener\">Alice Jeunesse<\/a> souhaite susciter l\u2019\u00e9motion et la r\u00e9flexion chez les plus jeunes avec des livres transmettant des valeurs fortes. Un partenariat avec Heloa concr\u00e9tis\u00e9 par une activation social media. <\/p><p><\/p><h2 id=\"medintechs\">MedInTechs<\/h2><figure class=\"kg-card kg-image-card kg-card-hascaption\"><img decoding=\"async\" src=\"https:\/\/heloa.app\/wp-content\/uploads\/2023\/07\/medintechs.png\" class=\"kg-image\" alt=\"\" loading=\"lazy\" width=\"304\" height=\"200\"><figcaption><span style=\"white-space: pre-wrap;\">MedInTechs x Heloa &#8211; partenaire depuis 2022<\/span><\/figcaption><\/figure><p><a href=\"https:\/\/www.medintechs.com\/\" target=\"_blank\" rel=\"noopener\">MedInTechs<\/a> est un salon annuel qui met en valeur l\u2019innovation en sant\u00e9 qui qui propose, tout au long de l\u2019ann\u00e9e, une plateforme de communication positive et de mise en relation autour de l\u2019innovation prometteuse en sant\u00e9. Il permet de mettre en lien l\u2019\u00e9cosyst\u00e8me de la sant\u00e9, de l\u2019innovation et des nouvelles technologies et le grand public.<\/p><h2 id=\"copl\">Copl<\/h2><figure class=\"kg-card kg-image-card kg-card-hascaption\"><img decoding=\"async\" src=\"https:\/\/heloa.app\/wp-content\/uploads\/2023\/07\/Copl.png\" class=\"kg-image\" alt=\"\" loading=\"lazy\" width=\"304\" height=\"200\"><figcaption><span style=\"white-space: pre-wrap;\">Copl x Heloa &#8211; partenaire depuis 2022<\/span><\/figcaption><\/figure><p><a href=\"https:\/\/copl.be\/\" target=\"_blank\" rel=\"noopener\">Copl<\/a> est un guide interactif pour g\u00e9rer au mieux votre relation amoureuse, quoi qu&rsquo;il arrive, jour apr\u00e8s jour. Aux c\u00f4t\u00e9s d\u2019experts, Copl vous aide \u00e0 faire les bons choix dans votre vie de couple.<\/p><h2 id=\"lyv\">Lyv<\/h2><figure class=\"kg-card kg-image-card kg-card-hascaption\"><img decoding=\"async\" src=\"https:\/\/heloa.app\/wp-content\/uploads\/2023\/07\/Lyv.png\" class=\"kg-image\" alt=\"\" loading=\"lazy\" width=\"304\" height=\"200\"><figcaption><span style=\"white-space: pre-wrap;\">Lyv x Heloa &#8211; partenaire 2022<\/span><\/figcaption><\/figure><p>\u00c0 la fois plateforme d\u2019\u00e9ducation et bo\u00eete \u00e0 outils, <a href=\"https:\/\/www.lyv.app\/\" target=\"_blank\" rel=\"noopener\">Lyv<\/a> met \u00e0 la disposition des femmes atteintes d\u2019<a href=\"https:\/\/heloa.app\/fr\/blog\/parents\/sante\/endometriose\">endom\u00e9triose<\/a> les informations et les solutions concr\u00e8tes pour all\u00e9ger le poids de la maladie sur leur quotidien. Lyv, c\u2019est un site et un magazine en ligne accessibles gratuitement qui apportent des r\u00e9ponses scientifiques et fiables \u00e0 toutes les questions que la maladie peut soulever. Lyv, c\u2019est aussi La School Of Endo, une \u00e9cole digitale pour mieux comprendre l&rsquo;endom\u00e9triose, apprendre \u00e0 cibler les sympt\u00f4mes et ainsi am\u00e9liorer le quotidien des femmes qui en souffrent.<\/p><h3 id=\"wounded-women\">Wounded Women<\/h3><figure class=\"kg-card kg-image-card kg-card-hascaption\"><img decoding=\"async\" src=\"https:\/\/heloa.app\/wp-content\/uploads\/2023\/07\/Wonded-women.png\" class=\"kg-image\" alt=\"\" loading=\"lazy\" width=\"304\" height=\"200\"><figcaption><span style=\"white-space: pre-wrap;\">Wounded women x Heloa &#8211; Partenaire depuis 2023<\/span><\/figcaption><\/figure><p><a href=\"https:\/\/www.woundedwomen.fr\/\" target=\"_blank\" rel=\"noopener\">Wounded Women<\/a> informe et accompagne les femmes vivant avec des cicatrices, les aide \u00e0 se construire leur parcours de soins de confort en post-op\u00e9ratoire et les rend actrices de leur sant\u00e9. Wounded Women c\u2019est aussi la premi\u00e8re lingerie d\u00e9di\u00e9e au confort du ventre des femmes en post-partum, post-op\u00e9ratoire et chaque jour de leur vie, recommand\u00e9e par les professionnels de sant\u00e9 et disponible en pharmacies partenaires.<\/p><h3 id=\"cit%C3%A9-de-la-sant%C3%A9\">Cit\u00e9 de la sant\u00e9<\/h3><figure class=\"kg-card kg-image-card kg-card-hascaption\"><img decoding=\"async\" src=\"https:\/\/heloa.app\/wp-content\/uploads\/2023\/07\/cite--de-la-sante-.png\" class=\"kg-image\" alt=\"\" loading=\"lazy\" width=\"304\" height=\"200\"><figcaption><span style=\"white-space: pre-wrap;\">Cit\u00e9 de la sant\u00e9 x Heloa &#8211; partenaire depuis 2023<\/span><\/figcaption><\/figure><p>En acc\u00e8s libre et gratuit, sur place et en ligne, <a href=\" https:\/\/www.cite-sciences.fr\/fr\/au-programme\/lieux-ressources\/cite-de-la-sante \"><strong>la Cit\u00e9 de la sant\u00e9<\/strong><\/a> est un centre de ressources documentaires et un lieu d\u2019accueil, d\u2019information et de rencontres situ\u00e9 au c\u0153ur de la biblioth\u00e8que de la Cit\u00e9. Les \u00e9quipes de la Cit\u00e9 de la sant\u00e9 proposent des permanences de conseil ainsi que des d&rsquo;ateliers, des expositions et des rencontres avec des professionnels de la sant\u00e9 et des associations de patients.<\/p><h3 id=\"minipouce\">Minipouce<\/h3><figure class=\"kg-card kg-image-card kg-card-hascaption\"><img decoding=\"async\" src=\"https:\/\/heloa.app\/wp-content\/uploads\/2023\/07\/minipouce.png\" class=\"kg-image\" alt=\"\" loading=\"lazy\" width=\"304\" height=\"200\"><figcaption><span style=\"white-space: pre-wrap;\">minipouce x Heloa &#8211; partenaire depuis 2023<\/span><\/figcaption><\/figure><p><a href=\"https:\/\/www.minipouce.fr\/\" target=\"_blank\" rel=\"noopener\">minipouce<\/a> est une plateforme innovante qui accompagne les futurs parents de mani\u00e8re ludique dans la cr\u00e9ation de leur <a href=\"https:\/\/heloa.app\/fr\/blog\/grossesse\/accouchement\/sac-pour-la-maternite\">liste de naissance<\/a> et \u00e0 l&rsquo;arriv\u00e9e de leur nouvel enfant. S\u00e9lection de produits inspirants, multi-boutiques&#8230;. elle se distingue en tant que plateforme de financement participatif, en rendant plus accessible pour l&rsquo;entourage, la possibilit\u00e9 de contribuer \u00e0 la venue du nouveau-n\u00e9 via une cagnotte en ligne.<\/p><h3 id=\"blush\">Blush<\/h3><figure class=\"kg-card kg-image-card kg-card-hascaption\"><img decoding=\"async\" src=\"https:\/\/heloa.app\/wp-content\/uploads\/2023\/07\/blush.png\" class=\"kg-image\" alt=\"\" loading=\"lazy\" width=\"304\" height=\"200\"><figcaption><span style=\"white-space: pre-wrap;\">Blush intimacy x Heloa &#8211; partenaire depuis 2023<\/span><\/figcaption><\/figure><p><a href=\"https:\/\/blushintimacy.com\/\" target=\"_blank\" rel=\"noopener\">Blush Intimacy<\/a> est une marque d\u00e9di\u00e9e au bien-\u00eatre intime, qui invite les femmes et les couples\u00e0 une approche holistique de leur bien-\u00eatre en prenant soin de leur <a href=\"https:\/\/heloa.app\/fr\/blog\/parents\/sexualite\/etre-parents-et-rester-amants\">sexualit\u00e9<\/a>. Fond\u00e9 par une femme, Blush \u00e0 c\u0153ur d\u2019aider les corps \u00e0 s\u2019explorer, se d\u00e9couvrir, se (re)conqu\u00e9rir. Que ce soit pour un plaisir solitaire, avec votre partenaire d\u2019une nuit ou d\u2019une vie. <\/p><h3 id=\"maiougui\"><br>Maiougui<\/h3><figure class=\"kg-card kg-image-card kg-card-hascaption\"><img decoding=\"async\" src=\"https:\/\/heloa.app\/wp-content\/uploads\/2023\/07\/maiougui.png\" class=\"kg-image\" alt=\"\" loading=\"lazy\" width=\"304\" height=\"200\"><figcaption><span style=\"white-space: pre-wrap;\">Maiougui x Heloa &#8211; partenaire depuis 2023<\/span><\/figcaption><\/figure><p><a href=\"https:\/\/maiougui.com\/\" target=\"_blank\" rel=\"noopener\">Maiougui<\/a>, concepteur de carnets de bords et de kits cr\u00e9atifs et r\u00e9fl\u00e9chis pour accompagner les individus et les familles dans les aventures de la vie ! Fond\u00e9 par un imprimeur, une \u00e9ditrice et une conseill\u00e8re conjugale et familiale, Maiougui d\u00e9veloppe des outils d\u2019aide \u00e0 la parentalit\u00e9 sur diff\u00e9rentes th\u00e9matiques.<\/p><h3 id=\"coqo\">Coqo<\/h3><figure class=\"kg-card kg-image-card kg-card-hascaption\"><img decoding=\"async\" src=\"https:\/\/heloa.app\/wp-content\/uploads\/2023\/11\/LOGO_COQO_VF_LOGO-PRINCIPAL-1.jpg\" class=\"kg-image\" alt=\"\" loading=\"lazy\" width=\"120\" height=\"60\"><figcaption><span style=\"white-space: pre-wrap;\">Coqo App x Heloa &#8211; partenaire depuis 2023<\/span><\/figcaption><\/figure><p>Vous \u00eates parents d&rsquo;un tout-petit de 0 \u00e0 3 ans, sensibilis\u00e9s \u00e0 l&rsquo;\u00e9cologie et cherchez un guide pour vous aider \u00e0 acheter de mani\u00e8re plus responsable :&nbsp;<a href=\"https:\/\/www.coqo.fr\/\" rel=\"noreferrer noopener\" target=\"_blank\">Coqo<\/a> est une application&nbsp;<strong>collaborative<\/strong>&nbsp;qui r\u00e9f\u00e9rence tous les produits de pu\u00e9riculture. <br><\/p><h3 id=\"milky-date\">Milky Date<\/h3><figure class=\"kg-card kg-image-card\"><a href=\"https:\/\/apps.apple.com\/fr\/app\/milky-date\/id6446779177?l=en\" target=\"_blank\" rel=\"noopener\"><img decoding=\"async\" src=\"https:\/\/heloa.app\/wp-content\/uploads\/2024\/06\/MILKY-DATE-LOGO-01.png\" class=\"kg-image\" alt=\"\" loading=\"lazy\" width=\"286\" height=\"359\"><\/a><\/figure><p><a href=\"https:\/\/milkydate.com\/\" rel=\"noreferrer noopener\" target=\"_blank\">Milky Date<\/a> a \u00e9t\u00e9 cr\u00e9\u00e9 par Alice Planchenault Dalgic une solopreneuse engag\u00e9e aupr\u00e8s des futurs et nouveaux parents.<br>Apr\u00e8s avoir travers\u00e9 une d\u00e9pression du postpartum, Alice a pour mission de briser la solitude maternelle &#8211; parentale.<br>Dans un monde de plus en plus connect\u00e9, il est essentiel d\u2019offrir aux futurs et nouveaux parents un espace o\u00f9 ils peuvent partager leurs exp\u00e9riences, se connecter avec un entourage qui conna\u00eet les m\u00eames joies, gal\u00e8res et pr\u00e9occupations au quotidien.<br>C\u2019est l\u00e0 que Milky Date rentre en jeu. Milky Date est l\u00e0 pour transformer votre quotidien! Le but ultime de Milky Date est de rompre la solitude maternelle &#8211; parentale avant mais surtout apr\u00e8s l\u2019arriv\u00e9e d\u2019un enfant.<br>Milky Date est une application gratuite, innovante et inclusive qui vous permet de rencontrer facilement d\u2019autres futurs et nouveaux parents pr\u00e8s de chez vous.<br>\u201cCar il faut tout une Team pour devenir un parent.\u201d Alice Milky Date vous propose aussi des offres et r\u00e9ductions exclusives chaque jour.<br>Connectez-vous d\u00e8s maintenant et embarquez dans une aventure incroyable avec d\u2019autres futurs et nouveaux parents comme vous.<\/p>","protected":false},"excerpt":{"rendered":"<p>Depuis janvier 2022, Heloa construit de nouveaux partenariats avec des marques aux valeurs partag\u00e9es pour permettre des \u00e9changes de visibilit\u00e9.BrutBrut x Heloa &#8211; partenaire depuis 2022En mai 2022, le m\u00e9dia Brut et Heloa ont r\u00e9alis\u00e9 un partenariat pour sensibiliser le grand public au burn-out maternel.MagicmamanmagicMaman x Heloa &#8211; partenaire depuis 2022En septembre 2022, le magazine&#8230;<\/p>\n","protected":false},"author":4,"featured_media":0,"parent":0,"menu_order":0,"comment_status":"closed","ping_status":"closed","template":"","meta":{"_acf_changed":false,"_kad_blocks_custom_css":"","_kad_blocks_head_custom_js":"","_kad_blocks_body_custom_js":"","_kad_blocks_footer_custom_js":"","_kad_post_transparent":"","_kad_post_title":"","_kad_post_layout":"","_kad_post_sidebar_id":"","_kad_post_content_style":"","_kad_post_vertical_padding":"","_kad_post_feature":"","_kad_post_feature_position":"","_kad_post_header":false,"_kad_post_footer":false,"_kad_post_classname":"","footnotes":""},"class_list":["post-6356","page","type-page","status-publish","hentry"],"acf":[],"taxonomy_info":[],"featured_image_src_large":false,"author_info":{"display_name":"Heloa","author_link":"https:\/\/heloa.app\/fr\/author\/expert-heloa"},"comment_info":0,"_links":{"self":[{"href":"https:\/\/heloa.app\/fr\/wp-json\/wp\/v2\/pages\/6356","targetHints":{"allow":["GET"]}}],"collection":[{"href":"https:\/\/heloa.app\/fr\/wp-json\/wp\/v2\/pages"}],"about":[{"href":"https:\/\/heloa.app\/fr\/wp-json\/wp\/v2\/types\/page"}],"author":[{"embeddable":true,"href":"https:\/\/heloa.app\/fr\/wp-json\/wp\/v2\/users\/4"}],"replies":[{"embeddable":true,"href":"https:\/\/heloa.app\/fr\/wp-json\/wp\/v2\/comments?post=6356"}],"version-history":[{"count":0,"href":"https:\/\/heloa.app\/fr\/wp-json\/wp\/v2\/pages\/6356\/revisions"}],"wp:attachment":[{"href":"https:\/\/heloa.app\/fr\/wp-json\/wp\/v2\/media?parent=6356"}],"curies":[{"name":"wp","href":"https:\/\/api.w.org\/{rel}","templated":true}]}}