{"id":6355,"date":"2022-03-17T14:08:45","date_gmt":"2022-03-17T14:08:45","guid":{"rendered":"https:\/\/heloa.app\/assureurs-et-entreprises"},"modified":"2024-10-14T15:13:32","modified_gmt":"2024-10-14T13:13:32","slug":"assureurs-et-entreprises","status":"publish","type":"page","link":"https:\/\/heloa.app\/fr\/assureurs-et-entreprises","title":{"rendered":"Assureurs et Entreprises"},"content":{"rendered":"<p>Heloa b\u00e9n\u00e9ficie du pr\u00e9cieux soutien de compl\u00e9mentaires sant\u00e9 et pr\u00e9voyance ainsi que des acteurs priv\u00e9s. Une association concr\u00e9tis\u00e9e par l\u2019offre des contenus premium de l\u2019application \u00e0 leurs clients, affili\u00e9s ou salari\u00e9s devenant parents, afin de les accompagner dans la compre\u0301hension et le suivi de leur bien-e\u0302tre.<\/p>\n<h2 id=\"viasant%C3%A9\">VIASANT\u00c9<\/h2>\n<figure class=\"kg-card kg-image-card\"><img loading=\"lazy\" decoding=\"async\" class=\"kg-image\" src=\"https:\/\/heloa.app\/wp-content\/uploads\/2023\/07\/viasante--1.png\" alt=\"\" width=\"304\" height=\"200\"><\/figure>\n<p>VIASANTE\u0301 est la mutuelle sante\u0301 nationale d\u2019AG2R LA MONDIALE pour les particuliers, les professionnels et les petites entreprises. Mutuelle innovante et humaine, VIASANT\u00c9 noue un partenariat avec Heloa afin d\u2019accompagner ses adhe\u0301rents devenant parents en 2022.<br \/>\n<a href=\"https:\/\/www.viasante.fr\/\" target=\"_blank\" rel=\"noopener\">Lien<\/a><\/p>\n\n<h2 id=\"sidecare\">Sidecare<\/h2>\n<p>SideCare accompagne les entreprises &#038; les RH \u00e0 construire, d\u00e9ployer et piloter leur politique Sant\u00e9, en offrant des couvertures mutuelle &#038; pr\u00e9voyance adapt\u00e9es \u00e0 leur budget, n\u00e9goci\u00e9es \u00e0 la garantie pr\u00e8s. C&rsquo;est d\u00e9j\u00e0 70 000 assur\u00e9s en 2024. Nous sommes heureux d&rsquo;\u00eatre \u00e0 leur c\u00f4t\u00e9 pour les soutenir sur les sujets de la parentalit\u00e9 en entreprise. <br \/>\n<a href=\"https:\/\/www.sidecare.com\/\" target=\"_blank\" rel=\"noopener\">Lien<\/a><\/p>\n\n<h2 id=\"rentokil\">Rentokil<\/h2>\n<figure class=\"kg-card kg-image-card\"><img loading=\"lazy\" decoding=\"async\" class=\"kg-image\" src=\"https:\/\/heloa.app\/wp-content\/uploads\/2023\/07\/Rentokil-initial.png\" alt=\"\" width=\"304\" height=\"200\"><\/figure>\n<p>Rentokil Initial est le leader mondial du service aux entreprises et est pr\u00e9sent sur les cinq grands continents. Nous sommes experts dans l&rsquo;essentiel, telle est la promesse qui est faite \u00e0 nos clients.<\/p>\n<p>Notre ambition : faciliter votre quotidien et vous permettre de vous concentrer sur votre coeur de m\u00e9tier.<\/p>\n<p><!-- notionvc: 1487e8fa-a53f-44b4-a918-0d5c67ed44bc --><a href=\"https:\/\/www.rentokil.com\/fr\/\" target=\"_blank\" rel=\"noopener\">Lien<\/a><\/p>\n<h2 id=\"lyfe\">Lyfe<\/h2>\n<figure class=\"kg-card kg-image-card\"><img loading=\"lazy\" decoding=\"async\" class=\"kg-image\" src=\"https:\/\/heloa.app\/wp-content\/uploads\/2023\/07\/Lyfe.png\" alt=\"\" width=\"304\" height=\"200\"><\/figure>\n<p>Lyfe, plateforme digitale et filiale \u00e0 100% de CNP Assurances, apporte des services \u00e0 valeur d\u2019usage pour r\u00e9pondre aux besoins des clients qui disposent d\u2019un produit CNP Assurances (Vie et Non Vie) distribu\u00e9 par des entreprises ou collectivit\u00e9s, des banques, des mutuelles. Lyfe s&rsquo;associe \u00e0 Heloa en 2023 pour offrir l&rsquo;abonnement Premium \u00e0 ses utilisateurs. <a href=\"https:\/\/www.lyfe.fr\/#\/\" target=\"_blank\" rel=\"noopener\">Lien<\/a><\/p>\n<h2 id=\"allianz\">Allianz<\/h2>\n<figure class=\"kg-card kg-image-card\"><img loading=\"lazy\" decoding=\"async\" class=\"kg-image\" src=\"https:\/\/heloa.app\/wp-content\/uploads\/2023\/07\/allianz-1.png\" alt=\"\" width=\"304\" height=\"200\"><\/figure>\n<p>Premi\u00e8re marque mondiale en assurance de biens et de responsabilit\u00e9s, num\u00e9ro 2 mondial en assurance de personnes, <a href=\"https:\/\/heloa.app\/fr\/blog\/parents\/vie-quotidienne\/diversite-et-inclusion-chez-allianz-france\">Allianz<\/a> propose une offre compl\u00e8te qui couvre tous les besoins en assurance, assistance et services financiers des particuliers, professionnels, entreprises et collectivit\u00e9s. Allianz compte 140 000 salari\u00e9s dans le monde, est est pr\u00e9sent dans plus de 70 pays, au service de 86 millions de clients. En 2022, Allianz s&rsquo;engage aux c\u00f4t\u00e9s de Heloa au sein du Collectif Pour Les Parents avec pour objectif d\u2019agir en faveur de l\u2019adaptation et du bien-\u00eatre des parents et de leurs enfants.<\/p>\n<h2 id=\"wemind\">Wemind<\/h2>\n<figure class=\"kg-card kg-image-card\"><img loading=\"lazy\" decoding=\"async\" class=\"kg-image\" src=\"https:\/\/heloa.app\/wp-content\/uploads\/2023\/07\/Wemind.png\" alt=\"\" width=\"304\" height=\"200\"><\/figure>\n<p>Wemind, la n\u00e9o-assurance des ind\u00e9pendants, offre aux freelances, aux ind\u00e9pendants et aux entrepreneurs une couverture compl\u00e8te pour leur sant\u00e9 et leur activit\u00e9 professionnelle : Mutuelle, Maintien des revenus (pr\u00e9voyance) et RC Pro. En 2023, Wemind s&rsquo;associe \u00e0 Heloa pour offrir l&rsquo;abonnement Premium \u00e0 ses adh\u00e9rents \u00e9tant parents. <a href=\"https:\/\/www.wemind.io\/\" target=\"_blank\" rel=\"noopener\">Lien<\/a><\/p>\n<h2 id=\"lmp\">LMP<\/h2>\n<figure class=\"kg-card kg-image-card\"><img loading=\"lazy\" decoding=\"async\" class=\"kg-image\" src=\"https:\/\/heloa.app\/wp-content\/uploads\/2023\/04\/LMP_MS_color-1--1-.png\" alt=\"\" width=\"200\" height=\"204\"><\/figure>\n<p>Sp\u00e9cialiste dans la protection sant\u00e9 depuis 1854, LMP est une v\u00e9ritable mutuelle qui appartient \u00e0 ses adh\u00e9rents. <a href=\"https:\/\/www.mutuellelmp.fr\/\" target=\"_blank\" rel=\"noopener\">La mutuelle LMP<\/a> propose des offres sant\u00e9 et pr\u00e9voyance adapt\u00e9es aux besoins de chacun et \u00e0 tous les budgets tout en garantissant une protection des soins au quotidien.<\/p>\n<h2 id=\"partenamut\">Partenamut<\/h2>\n<figure class=\"kg-card kg-image-card\"><img loading=\"lazy\" decoding=\"async\" class=\"kg-image\" src=\"https:\/\/heloa.app\/wp-content\/uploads\/2023\/07\/partenamut.png\" alt=\"\" width=\"304\" height=\"200\"><\/figure>\n<p>Premi\u00e8re mutuelle francophone en Belgique, <a href=\"https:\/\/www.partenamut.be\/fr\" target=\"_blank\" rel=\"noopener\">Partenamut<\/a> choisit Heloa pour donner aux parents les cl\u00e9s pour prendre en main leur sant\u00e9 et celle de leurs enfants ! Les membres Partenamut b\u00e9n\u00e9ficieront ainsi d\u2019une offre partenaire pour d\u00e9couvrir Heloa Premium.<\/p>\n<h2 id=\"macif\">Macif<\/h2>\n<figure class=\"kg-card kg-image-card\"><img loading=\"lazy\" decoding=\"async\" class=\"kg-image\" src=\"https:\/\/heloa.app\/wp-content\/uploads\/2023\/07\/macif.png\" alt=\"\" width=\"304\" height=\"200\"><\/figure>\n<p>Assureur mutualiste, la <a href=\"https:\/\/www.macif.fr\/\" target=\"_blank\" rel=\"noopener\">Macif<\/a> prot\u00e8ge au quotidien ses 5,7 millions de soci\u00e9taires et clients avec des offres et services simples et utiles en assurances dommages, sant\u00e9-pr\u00e9voyance et finance-\u00e9pargne. Elle imagine chaque jour les contours d\u2019un monde plus juste et plus humain en pla\u00e7ant la pr\u00e9venance au c\u0153ur de la relation avec ses soci\u00e9taires.<\/p>\n<p>La Macif a \u00e0 c\u0153ur d\u2019accompagner les familles qui s\u2019agrandissent et de contribuer \u00e0 une parentalit\u00e9 \u00e9clair\u00e9e et \u00e9panouie en transmettant les bons gestes, en aidant chacun \u00e0 devenir acteur de sa sant\u00e9 et de son bien-\u00eatre.<\/p>\n<h2 id=\"as-solutions\">As Solutions<\/h2>\n<figure class=\"kg-card kg-image-card\"><img loading=\"lazy\" decoding=\"async\" class=\"kg-image\" src=\"https:\/\/heloa.app\/wp-content\/uploads\/2023\/09\/Logo-site-internet.png\" alt=\"\" width=\"304\" height=\"200\"><\/figure>\n<p>Courtier grossiste digital, <a href=\"https:\/\/as-solutions.fr\/\" target=\"_blank\" rel=\"noopener\">As Solutions<\/a> a pour vocation \u00e0 cr\u00e9er et distribuer dans les respects de la r\u00e9glementation et de ses partenaires des produits en Sant\u00e9, en IARD, en Pr\u00e9voyance au profit des particuliers et du professionnel.<\/p>\n<p>Dans un environnement assurantiel de plus en plus complexe, <a href=\"https:\/\/heloa.app\/fr\/blog\/prevention\/sante-au-travail\/as-solutions-integre-heloa-a-ses-contrats-sante\">As Solutions<\/a> s&rsquo;associe \u00e0 Heloa pour aider \u00e0 am\u00e9liorer le bien-\u00eatre de ses adh\u00e9rents.<\/p>\n<h2 id=\"sant%C3%A9-foormi\">Sant\u00e9 Foormi<\/h2>\n<figure class=\"kg-card kg-image-card\"><img loading=\"lazy\" decoding=\"async\" class=\"kg-image\" src=\"https:\/\/heloa.app\/wp-content\/uploads\/2023\/09\/Logo-site-internet--2-.png\" alt=\"\" width=\"304\" height=\"200\"><\/figure>\n<p><a href=\"https:\/\/foormi.care\/\" target=\"_blank\" rel=\"noopener\">Sant\u00e9 Foormi<\/a>, l\u2019assistant personnel de sant\u00e9 dans la poche, propose un accompagnement dans l\u2019\u00e9valuation et la prise en charge de sa sant\u00e9 au quotidien.<\/p>\n<p>Leur algorithme de Capital Sant\u00e9 permet d\u2019orchestrer intelligemment un ensemble de services num\u00e9riques de sant\u00e9 en compl\u00e9ment des parcours de soins traditionnels.<\/p>\n<p>Sant\u00e9 Foormi s\u2019associe \u00e0 Heloa d\u00e8s son lancement en 2023 pour faire b\u00e9n\u00e9ficier des avantages de Heloa Premium \u00e0 tous leurs utilisateurs parents.<\/p>\n<h2 id=\"unim\">UNIM<\/h2>\n<figure class=\"kg-card kg-image-card\"><img loading=\"lazy\" decoding=\"async\" class=\"kg-image\" src=\"https:\/\/heloa.app\/wp-content\/uploads\/2023\/09\/Logo-site-internet-unim-grossi.png\" alt=\"\" width=\"304\" height=\"200\"><\/figure>\n<p>L\u2019Union Nationale pour les Int\u00e9r\u00eats de la M\u00e9decine (UNIM) est une association ind\u00e9pendante loi de 1908, cr\u00e9\u00e9e il y a plus de 45 ans, avec un double objectif : d\u00e9fendre les int\u00e9r\u00eats des professionnels de la sant\u00e9 et leur proposer les meilleures conditions d\u2019assurance professionnelle et priv\u00e9e.<\/p>\n<p>L\u2019UNIM a n\u00e9goci\u00e9 des garanties sp\u00e9ci\u00adfiques, adapt\u00e9es aux besoins des professionnels de sant\u00e9, aupr\u00e8s de son partenaire Allianz, assureur leader en Europe.<\/p>\n<p>Les assur\u00e9s de l\u2019UNIM b\u00e9n\u00e9ficient d\u00e9sormais de Heloa pour prendre soin de la sant\u00e9 physique et mentale de leurs familles.<\/p>\n<h2 id=\"isifid\">Isifid<\/h2>\n<figure class=\"kg-card kg-image-card\"><img loading=\"lazy\" decoding=\"async\" class=\"kg-image\" src=\"https:\/\/heloa.app\/wp-content\/uploads\/2022\/04\/isifid_logo.png\" alt=\"\" width=\"200\" height=\"200\"><\/figure>\n<p><a href=\"https:\/\/www.isifid.com\/\" target=\"_blank\" rel=\"noopener\">Isifid<\/a> aide les entreprises \u00e0 conqu\u00e9rir et fid\u00e9liser leurs clients en les r\u00e9compensant, gr\u00e2ce \u00e0 un syst\u00e8me de cagnottes cofinanc\u00e9es.<\/p>\n<h2 id=\"bampa\">Bampa<\/h2>\n<figure class=\"kg-card kg-image-card\"><img loading=\"lazy\" decoding=\"async\" class=\"kg-image\" src=\"https:\/\/heloa.app\/wp-content\/uploads\/2023\/12\/647f5413cdda0a52b45fae5a_Bampa__logo_transparent-copie-p-500-1-1.png\" alt=\"\" width=\"250\" height=\"250\"><\/figure>\n<p><a href=\"https:\/\/www.bampa.care\/\" target=\"_blank\" rel=\"noopener\">Bampa<\/a>, aide les entreprises \u00e0 cr\u00e9er un environnement de travail inclusif et favorable \u00e0 la parentalit\u00e9, gr\u00e2ce \u00e0 leur outil distribu\u00e9 en SAAS (logiciel par abonnement). Une multitude de services pour les salari\u00e9s (futurs) parents sont alors propos\u00e9es. Les entreprises choisissent les services les plus adapt\u00e9s pour leurs collaborateurs.<\/p>\n<h2 id=\"popote\">Popote<\/h2>\n<figure class=\"kg-card kg-image-card\"><img loading=\"lazy\" decoding=\"async\" class=\"kg-image\" src=\"https:\/\/heloa.app\/wp-content\/uploads\/2024\/06\/Popote--1-.svg\" alt=\"\" width=\"180\" height=\"136\"><\/figure>\n<p>Chez <a href=\"https:\/\/www.popote-bebe.fr\/\" rel=\"noreferrer noopener\" target=\"_blank\">Popote<\/a> on r\u00e9gale les b\u00e9b\u00e9s voraces avec nos petites gourdes de fruits, l\u00e9gumes, viandes, lact\u00e9s et nos <a href=\"https:\/\/heloa.app\/fr\/blog\/1-3-ans\/nutrition\/les-laits-infantiles\">laits infantiles<\/a> au lait de vache fran\u00e7ais. On a fait le choix du bon et du bio, et pour le reste on s&rsquo;adapte \u00e0 tous vos choix de parents. Pour d\u00e9marrer la diversification, pour d\u00e9panner, pour compl\u00e9ter, pour vadrouiller, on est \u00e0 vos c\u00f4t\u00e9s.<\/p>\n\n\n\n","protected":false},"excerpt":{"rendered":"<p>Heloa b\u00e9n\u00e9ficie du pr\u00e9cieux soutien de compl\u00e9mentaires sant\u00e9 et pr\u00e9voyance ainsi que des acteurs priv\u00e9s. Une association concr\u00e9tis\u00e9e par l\u2019offre des contenus premium de l\u2019application \u00e0 leurs clients, affili\u00e9s ou salari\u00e9s devenant parents, afin de les accompagner dans la compre\u0301hension et le suivi de leur bien-e\u0302tre. VIASANT\u00c9 VIASANTE\u0301 est la mutuelle sante\u0301 nationale d\u2019AG2R LA&#8230;<\/p>\n","protected":false},"author":4,"featured_media":0,"parent":0,"menu_order":0,"comment_status":"closed","ping_status":"closed","template":"","meta":{"_acf_changed":false,"_kad_blocks_custom_css":"","_kad_blocks_head_custom_js":"","_kad_blocks_body_custom_js":"","_kad_blocks_footer_custom_js":"","_kad_post_transparent":"","_kad_post_title":"","_kad_post_layout":"","_kad_post_sidebar_id":"","_kad_post_content_style":"","_kad_post_vertical_padding":"","_kad_post_feature":"","_kad_post_feature_position":"","_kad_post_header":false,"_kad_post_footer":false,"_kad_post_classname":"","footnotes":""},"class_list":["post-6355","page","type-page","status-publish","hentry"],"acf":[],"taxonomy_info":[],"featured_image_src_large":false,"author_info":{"display_name":"Heloa","author_link":"https:\/\/heloa.app\/fr\/author\/expert-heloa"},"comment_info":0,"_links":{"self":[{"href":"https:\/\/heloa.app\/fr\/wp-json\/wp\/v2\/pages\/6355","targetHints":{"allow":["GET"]}}],"collection":[{"href":"https:\/\/heloa.app\/fr\/wp-json\/wp\/v2\/pages"}],"about":[{"href":"https:\/\/heloa.app\/fr\/wp-json\/wp\/v2\/types\/page"}],"author":[{"embeddable":true,"href":"https:\/\/heloa.app\/fr\/wp-json\/wp\/v2\/users\/4"}],"replies":[{"embeddable":true,"href":"https:\/\/heloa.app\/fr\/wp-json\/wp\/v2\/comments?post=6355"}],"version-history":[{"count":10,"href":"https:\/\/heloa.app\/fr\/wp-json\/wp\/v2\/pages\/6355\/revisions"}],"predecessor-version":[{"id":8077,"href":"https:\/\/heloa.app\/fr\/wp-json\/wp\/v2\/pages\/6355\/revisions\/8077"}],"wp:attachment":[{"href":"https:\/\/heloa.app\/fr\/wp-json\/wp\/v2\/media?parent=6355"}],"curies":[{"name":"wp","href":"https:\/\/api.w.org\/{rel}","templated":true}]}}