{"id":6354,"date":"2022-01-26T17:02:49","date_gmt":"2022-01-26T17:02:49","guid":{"rendered":"https:\/\/heloa.app\/maternites"},"modified":"2022-01-26T17:02:49","modified_gmt":"2022-01-26T17:02:49","slug":"maternites","status":"publish","type":"page","link":"https:\/\/heloa.app\/fr\/maternites","title":{"rendered":"Maternit\u00e9s et maisons de la parentalit\u00e9"},"content":{"rendered":"<p>Pour poursuivre un accompagnement de qualit\u00e9 des jeunes parents et de leurs nouveau-n\u00e9s en sortie de <a href=\"https:\/\/heloa.app\/fr\/blog\/grossesse\/accouchement\/quand-partir-pour-la-maternite\">maternit\u00e9<\/a>, des Cliniques et des maisons de la parentalit\u00e9 s\u2019associent \u00e0 Heloa, \u00e9toffant ainsi leur offre de services. Des associations concr\u00e9tis\u00e9es par le d\u00e9ploiement d\u2019outils informatifs au sein des cliniques et d\u2019une formation des professionnels de sant\u00e9.<\/p><h2 id=\"clinique-sainte-th%C3%A9r%C3%A8se\">Clinique-Sainte-Th\u00e9r\u00e8se<\/h2><figure class=\"kg-card kg-image-card\"><img decoding=\"async\" src=\"https:\/\/heloa.app\/wp-content\/uploads\/2023\/07\/Sainte-therese-1.png\" class=\"kg-image\" loading=\"lazy\" width=\"166\" height=\"114\" alt=\"\"><\/figure><p>Premi\u00e8re Clinique \u00e0 s\u2019\u00eatre associ\u00e9e \u00e0 Heloa, <a href=\"https:\/\/www.cliniquesaintetherese.fr\/fr\/\" target=\"_blank\" rel=\"noopener\">cette maternit\u00e9 priv\u00e9e<\/a> d\u2019excellence est implant\u00e9e dans le 17\u00e8me arrondissement de Paris. Elle compte parmi ses professionnels de sant\u00e9, le Dr Agn\u00e8s Gepner, Directrice m\u00e9dicale de Heloa. <br><br><em>\u00ab\u00a0Au sein de notre maternit\u00e9, la qualit\u00e9 d&rsquo;accompagnement de nos patients est au c\u0153ur de nos pr\u00e9occupations. Afin de poursuivre cet engagement au-del\u00e0 de la naissance de l\u2019enfant, il nous a sembl\u00e9 n\u00e9cessaire d&rsquo;informer les jeunes parents de l&rsquo;existence de Heloa, un outil de sant\u00e9 pr\u00e9dictive qui r\u00e9pond \u00e0 la fois aux besoins des parents et de leurs enfants. Ce partenariat innovant permet de cr\u00e9er un lien entre le <a href=\"https:\/\/heloa.app\/fr\/blog\/grossesse\/vie-quotidienne\/calendrier-grossesse\">suivi de grossesse<\/a> avec nos professionnels de sant\u00e9 et le retour \u00e0 la maison qui requiert davantage d&rsquo;autonomie dans le suivi de sa sant\u00e9 et de son bien-\u00eatre.\u00a0\u00bb <\/em>Dr Agn\u00e8s Gepner, M\u00e9decin Anesth\u00e9siste \u00e0 la Clinique Sainte-Th\u00e9r\u00e8se et Directrice m\u00e9dicale de Heloa<\/p><h2 id=\"maison-n%C3%A9\">Maison-n\u00e9<\/h2><figure class=\"kg-card kg-image-card\"><img decoding=\"async\" src=\"https:\/\/heloa.app\/wp-content\/uploads\/2023\/07\/maison-ne-.png\" class=\"kg-image\" loading=\"lazy\" width=\"304\" height=\"200\" alt=\"\"><\/figure><p><a href=\"https:\/\/www.maison-ne.com\/\" target=\"_blank\" rel=\"noopener\">Maison-n\u00e9<\/a>, c&rsquo;est la premi\u00e8re maison de sant\u00e9 et de bien-\u00eatre, enti\u00e8rement con\u00e7ue et pens\u00e9e par deux infirmi\u00e8res pu\u00e9ricultrices, pour l&rsquo;enfant et sa famille. Une \u00e9quipe de professionnels experts en p\u00e9rinatalit\u00e9, sant\u00e9 et d\u00e9veloppement du jeune enfant est pr\u00e9sente \u00e0 vos c\u00f4t\u00e9s de la grossesse jusqu&rsquo;aux six ans de votre enfant. Vous pourrez b\u00e9n\u00e9ficier de consultations param\u00e9dicales individuelles, participer \u00e0 des ateliers collectifs, inscrire votre enfant \u00e0 des ateliers extra-scolaires, suivre des conf\u00e9rences et surtout b\u00e9n\u00e9ficier d&rsquo;un socle solide d&rsquo;entraide et d&rsquo;\u00e9coute entre parents. Toute l&rsquo;\u00e9quipe de Maison-n\u00e9 vous guide pas \u00e0 pas, \u00e0 chaque \u00e9tape de votre parentalit\u00e9 \u00e0 travers un accompagnement bienveillant, bas\u00e9 sur la confiance et le professionnalisme.<\/p>","protected":false},"excerpt":{"rendered":"<p>Pour poursuivre un accompagnement de qualit\u00e9 des jeunes parents et de leurs nouveau-n\u00e9s en sortie de maternit\u00e9, des Cliniques et des maisons de la parentalit\u00e9 s\u2019associent \u00e0 Heloa, \u00e9toffant ainsi leur offre de services. Des associations concr\u00e9tis\u00e9es par le d\u00e9ploiement d\u2019outils informatifs au sein des cliniques et d\u2019une formation des professionnels de sant\u00e9.Clinique-Sainte-Th\u00e9r\u00e8sePremi\u00e8re Clinique \u00e0&#8230;<\/p>\n","protected":false},"author":4,"featured_media":0,"parent":0,"menu_order":0,"comment_status":"closed","ping_status":"closed","template":"","meta":{"_acf_changed":false,"_kad_blocks_custom_css":"","_kad_blocks_head_custom_js":"","_kad_blocks_body_custom_js":"","_kad_blocks_footer_custom_js":"","_kad_post_transparent":"","_kad_post_title":"","_kad_post_layout":"","_kad_post_sidebar_id":"","_kad_post_content_style":"","_kad_post_vertical_padding":"","_kad_post_feature":"","_kad_post_feature_position":"","_kad_post_header":false,"_kad_post_footer":false,"_kad_post_classname":"","footnotes":""},"class_list":["post-6354","page","type-page","status-publish","hentry"],"acf":[],"taxonomy_info":[],"featured_image_src_large":false,"author_info":{"display_name":"Heloa","author_link":"https:\/\/heloa.app\/fr\/author\/expert-heloa"},"comment_info":0,"_links":{"self":[{"href":"https:\/\/heloa.app\/fr\/wp-json\/wp\/v2\/pages\/6354","targetHints":{"allow":["GET"]}}],"collection":[{"href":"https:\/\/heloa.app\/fr\/wp-json\/wp\/v2\/pages"}],"about":[{"href":"https:\/\/heloa.app\/fr\/wp-json\/wp\/v2\/types\/page"}],"author":[{"embeddable":true,"href":"https:\/\/heloa.app\/fr\/wp-json\/wp\/v2\/users\/4"}],"replies":[{"embeddable":true,"href":"https:\/\/heloa.app\/fr\/wp-json\/wp\/v2\/comments?post=6354"}],"version-history":[{"count":0,"href":"https:\/\/heloa.app\/fr\/wp-json\/wp\/v2\/pages\/6354\/revisions"}],"wp:attachment":[{"href":"https:\/\/heloa.app\/fr\/wp-json\/wp\/v2\/media?parent=6354"}],"curies":[{"name":"wp","href":"https:\/\/api.w.org\/{rel}","templated":true}]}}