{"id":6353,"date":"2022-03-31T10:06:56","date_gmt":"2022-03-31T10:06:56","guid":{"rendered":"https:\/\/heloa.app\/nos-partenaires"},"modified":"2022-03-31T10:06:56","modified_gmt":"2022-03-31T10:06:56","slug":"nos-partenaires","status":"publish","type":"page","link":"https:\/\/heloa.app\/fr\/nos-partenaires","title":{"rendered":"Nos partenaires"},"content":{"rendered":"<p>Heloa b\u00e9n\u00e9ficie du soutien de nombreux partenaires qui s\u2019engagent \u00e0 nos c\u00f4t\u00e9s pour assurer des r\u00e9ponses aux besoins des parents et de leurs enfants. Des partenariats essentiels pour d\u00e9velopper l\u2019application et la rendre accessible au plus grand nombre. Merci \u00e0 eux pour leur confiance.<\/p><!--kg-card-begin: html--><div id=\"cards-partner\">    <a href=\"https:\/\/heloa.app\/maternites\" class=\"card-partner\" title=\"Lien vers les maternit\u00e9s\">       <svg width=\"73\" height=\"73\" viewBox=\"0 0 71 70\" fill=\"none\" xmlns=\"http:\/\/www.w3.org\/2000\/svg\">        <path d=\"M18.56 0.0799999C12.6286 0.0799999 7.77999 4.92859 7.77999 10.86C7.77999 16.7914 12.6286 21.64 18.56 21.64C24.4914 21.64 29.34 16.7914 29.34 10.86C29.34 4.92859 24.4914 0.0799999 18.56 0.0799999V0.0799999ZM43.2 0.0799999C37.2686 0.0799999 32.42 4.92859 32.42 10.86C32.42 16.7914 37.2686 21.64 43.2 21.64C49.1314 21.64 53.98 16.7914 53.98 10.86C53.98 4.92859 49.1314 0.0799999 43.2 0.0799999V0.0799999ZM18.56 3.16C22.8251 3.16 26.26 6.59492 26.26 10.86C26.26 15.1251 22.8251 18.56 18.56 18.56C14.2949 18.56 10.86 15.1251 10.86 10.86C10.86 6.59492 14.2949 3.16 18.56 3.16V3.16ZM43.2 3.16C47.4651 3.16 50.9 6.59492 50.9 10.86C50.9 15.1251 47.4651 18.56 43.2 18.56C38.9349 18.56 35.5 15.1251 35.5 10.86C35.5 6.59492 38.9349 3.16 43.2 3.16V3.16ZM43.2 23.18C38.965 23.18 35.121 24.9005 32.3297 27.6797C29.328 24.9847 25.3516 23.3364 21.0023 23.3364H17.02C7.68374 23.3364 0.0799866 30.9402 0.0799866 40.2764V56.2719C0.0799866 56.3862 0.09202 56.5005 0.116082 56.6148C0.296549 59.4241 2.63663 61.68 5.48202 61.68C6.31217 61.68 7.08819 61.4755 7.79202 61.1446L7.77999 69.38H10.86L10.872 56.4344C10.872 56.3802 10.8901 56.3321 10.8901 56.2719C10.8901 56.1998 10.884 56.1216 10.872 56.0494L10.8901 40.12H7.81006L7.79202 56.4524C7.70178 57.6676 6.72725 58.6 5.48202 58.6C4.18264 58.6 3.15999 57.5773 3.15999 56.2719V40.2764C3.15999 32.6005 9.34405 26.4164 17.02 26.4164H21.0023C24.6297 26.4164 27.9083 27.806 30.3747 30.0739C28.7805 32.4741 27.8361 35.3436 27.806 38.4296C27.806 38.4777 27.8 38.5319 27.8 38.58V56.7652L24.4252 69.38H27.6075L32.8591 49.7811L37.3468 53.0837C37.804 53.8055 38.3273 54.5094 38.971 55.153C43.4707 59.6287 50.7676 59.7249 55.3997 55.4719L59.1293 69.38H62.3116L57.9262 52.9934L67.455 43.5188C72.069 38.9289 72.0629 31.3913 67.449 26.7954C65.139 24.5034 62.095 23.3545 59.0572 23.3545C56.4885 23.3545 53.9258 24.1786 51.8023 25.8148C49.3479 24.1545 46.3822 23.18 43.2 23.18V23.18ZM43.2 26.26C45.4919 26.26 47.5733 26.9578 49.3961 28.0587L38.971 38.4296C38.1709 39.2237 37.5453 40.12 37.0219 41.0524C36.6911 41.3712 36.5166 41.8224 36.5527 42.2856C36.5888 42.7428 36.8355 43.1639 37.2144 43.4286C37.2205 43.4286 37.2205 43.4286 37.2205 43.4346L43.8015 48.2712C43.9279 48.3614 44.0482 48.4697 44.1504 48.584C44.2527 48.6983 44.349 48.8186 44.4272 48.9509C44.4994 49.0773 44.5655 49.2156 44.6137 49.354C44.6618 49.4923 44.6979 49.6367 44.7219 49.7751V49.7811C44.746 49.9255 44.752 50.0698 44.746 50.2202C44.74 50.3706 44.7219 50.515 44.6858 50.6594C44.6497 50.8098 44.5956 50.9481 44.5294 51.0925C44.4693 51.2309 44.3851 51.3632 44.2888 51.4955V51.5016C43.5248 52.5362 42.1051 52.7528 41.0584 51.9888L39.374 50.7496C39.362 50.7376 39.35 50.7316 39.3319 50.7195L30.88 44.5054V38.58C30.88 35.8309 31.7823 33.3043 33.2983 31.259C33.569 31.0785 33.7795 30.8138 33.8938 30.507C36.1497 27.9083 39.4763 26.26 43.2 26.26H43.2ZM59.0572 26.4284C61.307 26.4284 63.5629 27.2766 65.2773 28.9791C65.2773 28.9851 65.2773 28.9851 65.2833 28.9791C68.7062 32.3899 68.7062 37.9303 65.2833 41.3352L53.589 52.9694C51.1526 55.3876 47.6335 56.0073 44.5655 54.9846C44.8603 54.8462 45.143 54.6838 45.4137 54.4973C45.4498 54.4733 45.4859 54.4612 45.516 54.4372C45.8048 54.2266 46.0815 53.992 46.3281 53.7273C46.4183 53.6732 46.4965 53.613 46.5747 53.5408C46.6108 53.5048 46.6469 53.4747 46.683 53.4326C46.7131 53.3965 46.7432 53.3604 46.7733 53.3243C46.9898 53.0235 47.1763 52.7107 47.3207 52.3919V52.3859C47.4711 52.061 47.5914 51.7241 47.6696 51.3873V51.3812C47.7478 51.0444 47.7959 50.7015 47.808 50.3526C47.82 50.0037 47.8019 49.6608 47.7478 49.3179C47.5433 47.9523 46.8154 46.665 45.6243 45.7867L40.2583 41.8405C40.5411 41.4254 40.7697 40.9802 41.1366 40.6133C41.1426 40.6133 41.1426 40.6133 41.1426 40.6133L52.8129 29.0031C52.819 28.9971 52.825 28.9911 52.831 28.9791H52.837C52.7769 29.0392 52.8009 29.0152 52.9212 28.9069C52.9272 28.9009 52.9393 28.8888 52.9453 28.8828C54.6477 27.2466 56.8494 26.4224 59.0572 26.4284V26.4284ZM59.37 29.346C57.9864 29.352 56.6028 29.8754 55.5621 30.9221C53.4686 33.0095 53.4686 36.4505 55.5621 38.5379C57.6495 40.6313 61.0904 40.6313 63.1779 38.5379C65.2713 36.4505 65.2713 33.0095 63.1779 30.9221C62.1372 29.8754 60.7536 29.346 59.37 29.346H59.37ZM59.37 32.414C59.9595 32.408 60.543 32.6366 61.0062 33.0937C61.9206 34.0141 61.9206 35.4459 61.0062 36.3662C60.0858 37.2806 58.6541 37.2806 57.7337 36.3662C56.8193 35.4459 56.8193 34.0141 57.7337 33.0937C58.1969 32.6366 58.7804 32.414 59.37 32.414Z\" fill=\"white\"\/>        <\/svg>        <div class=\"card-partner__title\">Maternit\u00e9s<\/div>    <\/a>    <a href=\"https:\/\/heloa.app\/assureurs-et-entreprises\" class=\"card-partner\" title=\"Lien vers les Assureurs et Entreprises\">       <svg width=\"73\" height=\"73\" viewBox=\"0 0 77 77\" fill=\"none\" xmlns=\"http:\/\/www.w3.org\/2000\/svg\"><path d=\"M38.1317 0.00202045C35.489 0.0792398 33.3867 2.24384 33.3867 4.88766V6.01559H30.096C28.1973 6.01283 26.5416 7.30555 26.0837 9.14824L25.362 12.0312H24.7393C22.4565 12.0345 20.6068 13.8842 20.6035 16.167V19.0996H8.64746C6.36473 19.1029 4.51503 20.9526 4.51172 23.2353V70.2324H2.63184C1.179 70.234 0.00166087 71.4114 0 72.8642V75.872C0 76.495 0.50499 77 1.12793 77H75.8721C76.495 77 77 76.495 77 75.872V72.8642C76.9983 71.4114 75.821 70.234 74.3682 70.2324H72.4883V34.3657C72.4847 32.6276 71.3983 31.076 69.7663 30.4781L55.9453 25.4536V16.167C55.942 13.8842 54.0923 12.0345 51.8096 12.0312H51.1869L50.4652 9.14824C50.0073 7.30555 48.3515 6.01283 46.4528 6.01559H43.1621V4.88766C43.1621 3.56661 42.6274 2.3018 41.6797 1.38141C40.732 0.461026 39.4522 -0.0365601 38.1317 0.00202492L38.1317 0.00202045ZM38.3514 2.257C39.7743 2.29863 40.9062 3.46413 40.9062 4.88766V6.01559H35.6426V4.88766C35.6426 4.17632 35.9306 3.49527 36.4409 2.99969C36.9512 2.50411 37.6403 2.2362 38.3514 2.257ZM30.096 8.27145H46.4528C47.3154 8.27094 48.0674 8.85854 48.2754 9.69575L48.8605 12.0312H27.6883L28.2734 9.70016C28.4797 8.8612 29.2321 8.27143 30.096 8.27144V8.27145ZM24.7393 14.2871H51.8096C52.8471 14.2887 53.6878 15.1294 53.6895 16.167V70.2324H39.8535V66.4726H45.4932C47.362 66.4726 48.877 64.9576 48.877 63.0888C48.877 61.22 47.362 59.705 45.4932 59.705H39.8535V54.9422H45.4932C47.362 54.9422 48.877 53.4272 48.877 51.5584C48.877 49.6896 47.362 48.1746 45.4932 48.1746H39.8535V43.4132H45.4932C47.362 43.4132 48.877 41.8982 48.877 40.0294C48.877 38.1606 47.362 36.6456 45.4932 36.6456H39.8535V31.8828H45.4932C47.362 31.8828 48.877 30.3678 48.877 28.499C48.877 26.6302 47.362 25.1152 45.4932 25.1152H39.8535V23.2353C39.8502 20.9526 38.0005 19.1029 35.7178 19.0996H22.8594V16.167C22.861 15.1294 23.7017 14.2887 24.7393 14.2871V14.2871ZM8.64746 21.3554H35.7178C36.7553 21.3571 37.596 22.1978 37.5977 23.2353V70.2324H30.8301V57.4492H31.2061C31.829 57.4492 32.334 56.9442 32.334 56.3213C32.334 55.6983 31.829 55.1933 31.2061 55.1933H13.1592C12.5362 55.1933 12.0312 55.6983 12.0312 56.3213C12.0312 56.9442 12.5362 57.4492 13.1592 57.4492H13.5352V70.2324H6.76757V23.2353C6.76923 22.1978 7.60991 21.3571 8.64746 21.3554H8.64746ZM13.1592 25.1152C11.7063 25.1169 10.529 26.2942 10.5273 27.747V32.2588C10.529 33.7116 11.7063 34.8889 13.1592 34.8906H17.6709C19.1237 34.8889 20.3011 33.7116 20.3027 32.2588V27.747C20.3011 26.2942 19.1237 25.1169 17.6709 25.1152L13.1592 25.1152ZM26.6943 25.1152C25.2415 25.1169 24.0642 26.2942 24.0625 27.747V32.2588C24.0642 33.7116 25.2415 34.8889 26.6943 34.8906H31.2061C32.6589 34.8889 33.8362 33.7116 33.8379 32.2588V27.747C33.8362 26.2942 32.6589 25.1169 31.2061 25.1152L26.6943 25.1152ZM13.1592 27.3711H17.6709C17.8785 27.3711 18.0469 27.5394 18.0469 27.747V32.2588C18.0469 32.4664 17.8785 32.6347 17.6709 32.6347H13.1592C12.9515 32.6347 12.7832 32.4664 12.7832 32.2588V27.747C12.7832 27.5394 12.9515 27.3711 13.1592 27.3711L13.1592 27.3711ZM26.6943 27.3711H31.2061C31.4137 27.3711 31.582 27.5394 31.582 27.747V32.2588C31.582 32.4664 31.4137 32.6347 31.2061 32.6347H26.6943C26.4867 32.6347 26.3184 32.4664 26.3184 32.2588V27.747C26.3184 27.5394 26.4867 27.3711 26.6943 27.3711L26.6943 27.3711ZM39.8535 27.3711H45.4932C46.1161 27.3711 46.6211 27.8761 46.6211 28.499C46.6211 29.1219 46.1161 29.6269 45.4932 29.6269H39.8535V27.3711ZM55.9453 27.854L68.9946 32.5986C69.7367 32.8702 70.2308 33.5755 70.2324 34.3657V70.2324H55.9453V27.854ZM60.0811 36.6456C59.4581 36.6456 58.9531 37.1506 58.9531 37.7736V42.2853C58.9531 42.9082 59.4581 43.4132 60.0811 43.4132H66.0967C66.7196 43.4132 67.2246 42.9082 67.2246 42.2853V37.7736C67.2246 37.1506 66.7196 36.6456 66.0967 36.6456L60.0811 36.6456ZM13.1592 38.6504C11.7063 38.652 10.529 39.8294 10.5273 41.2822V45.7939C10.529 47.2467 11.7063 48.4241 13.1592 48.4257H17.6709C19.1237 48.4241 20.3011 47.2467 20.3027 45.7939V41.2822C20.3011 39.8294 19.1237 38.652 17.6709 38.6504L13.1592 38.6504ZM26.6943 38.6504C25.2415 38.652 24.0642 39.8294 24.0625 41.2822V45.7939C24.0642 47.2467 25.2415 48.4241 26.6943 48.4257H31.2061C32.6589 48.4241 33.8362 47.2467 33.8379 45.7939V41.2822C33.8362 39.8294 32.6589 38.652 31.2061 38.6504L26.6943 38.6504ZM39.8535 38.9015H45.4932C46.1161 38.9015 46.6211 39.4065 46.6211 40.0294C46.6211 40.6524 46.1161 41.1574 45.4932 41.1574H39.8535V38.9015ZM61.209 38.9015H64.9688V41.1574H61.209V38.9015ZM13.1592 40.9062H17.6709C17.8785 40.9062 18.0469 41.0745 18.0469 41.2822V45.7939C18.0469 46.0016 17.8785 46.1699 17.6709 46.1699H13.1592C12.9515 46.1699 12.7832 46.0016 12.7832 45.7939V41.2822C12.7832 41.0745 12.9515 40.9062 13.1592 40.9062H13.1592ZM26.6943 40.9062H31.2061C31.4137 40.9062 31.582 41.0745 31.582 41.2822V45.7939C31.582 46.0016 31.4137 46.1699 31.2061 46.1699H26.6943C26.4867 46.1699 26.3184 46.0016 26.3184 45.7939V41.2822C26.3184 41.0745 26.4867 40.9062 26.6943 40.9062H26.6943ZM60.0811 47.173C59.4581 47.173 58.9531 47.678 58.9531 48.3009V52.8126C58.9531 53.4356 59.4581 53.9406 60.0811 53.9406H66.0967C66.7196 53.9406 67.2246 53.4356 67.2246 52.8126V48.3009C67.2246 47.678 66.7196 47.173 66.0967 47.173L60.0811 47.173ZM61.209 49.4288H64.9688V51.6847H61.209V49.4288ZM39.8535 50.4305H45.4932C46.1161 50.4305 46.6211 50.9355 46.6211 51.5584C46.6211 52.1813 46.1161 52.6863 45.4932 52.6863H39.8535V50.4305ZM15.791 57.4492H21.0547V70.2324H15.791V57.4492ZM23.3105 57.4492H28.5742V70.2324H23.3105V57.4492ZM60.0811 57.7003C59.4581 57.7003 58.9531 58.2053 58.9531 58.8282V63.34C58.9531 63.9629 59.4581 64.4679 60.0811 64.4679H66.0967C66.7196 64.4679 67.2246 63.9629 67.2246 63.34V58.8282C67.2246 58.2053 66.7196 57.7003 66.0967 57.7003H60.0811ZM61.209 59.9562H64.9688V62.212H61.209V59.9562ZM39.8535 61.9609H45.4932C46.1161 61.9609 46.6211 62.4659 46.6211 63.0888C46.6211 63.7118 46.1161 64.2168 45.4932 64.2168H39.8535V61.9609ZM2.63184 72.4882H74.3682C74.5758 72.4882 74.7441 72.6566 74.7441 72.8642V74.7441H2.25586V72.8642C2.25586 72.6566 2.42419 72.4882 2.63184 72.4882Z\" fill=\"white\"\/><\/svg>        <div class=\"card-partner__title\">Assureurs<br>et Entreprises<\/div>    <\/a>    <a href=\"https:\/\/heloa.app\/partenaires-pour-la-recherche\" class=\"card-partner\" title=\"Lien vers les partenaires pour la recherche\">       <svg width=\"73\" height=\"73\" viewBox=\"0 0 70 70\" fill=\"none\" xmlns=\"http:\/\/www.w3.org\/2000\/svg\"><path d=\"M30.3333 7C17.4743 7 7 17.4743 7 30.3333C7 43.1923 17.4743 53.6667 30.3333 53.6667C35.9252 53.6667 41.0606 51.681 45.0853 48.3848L59.0169 62.3164C59.6022 62.926 60.4712 63.1715 61.2889 62.9583C62.1066 62.7452 62.7452 62.1066 62.9584 61.2889C63.1715 60.4712 62.926 59.6022 62.3164 59.0169L48.3848 45.0853C51.681 41.0606 53.6667 35.9252 53.6667 30.3333C53.6667 17.4743 43.1923 7 30.3333 7L30.3333 7ZM30.3333 11.6667C40.6703 11.6667 49 19.9964 49 30.3333C49 40.6703 40.6703 49 30.3333 49C19.9964 49 11.6667 40.6703 11.6667 30.3333C11.6667 19.9964 19.9964 11.6667 30.3333 11.6667V11.6667ZM21 28C19.7113 28 18.6667 29.0447 18.6667 30.3333C18.6667 31.622 19.7113 32.6667 21 32.6667C22.2887 32.6667 23.3333 31.622 23.3333 30.3333C23.3333 29.0447 22.2887 28 21 28ZM30.3333 28C29.0447 28 28 29.0447 28 30.3333C28 31.622 29.0447 32.6667 30.3333 32.6667C31.622 32.6667 32.6667 31.622 32.6667 30.3333C32.6667 29.0447 31.622 28 30.3333 28ZM39.6667 28C38.378 28 37.3333 29.0447 37.3333 30.3333C37.3333 31.622 38.378 32.6667 39.6667 32.6667C40.9553 32.6667 42 31.622 42 30.3333C42 29.0447 40.9553 28 39.6667 28Z\" fill=\"white\"\/><\/svg>        <div class=\"card-partner__title\">Acteurs engag\u00e9s<br>dans la recherche<\/div>    <\/a>    <a href=\"https:\/\/heloa.app\/partenaires-marketing\" class=\"card-partner\" title=\"Lien vers les partenaires marketing\">       <svg width=\"73\" height=\"73\" viewBox=\"0 0 73 73\" fill=\"none\" xmlns=\"http:\/\/www.w3.org\/2000\/svg\"><path d=\"M36.4644 4.52982C35.2056 4.54949 34.2007 5.58499 34.2188 6.84375V9.125H9.88544H6.84377C6.02107 9.11337 5.25583 9.54561 4.84109 10.2562C4.42634 10.9668 4.42634 11.8457 4.84109 12.5563C5.25583 13.2669 6.02107 13.6991 6.84377 13.6875H7.60419V46.3854C7.60419 50.978 11.3762 54.75 15.9688 54.75H25.2066L20.0115 65.1374C19.6244 65.8692 19.6641 66.7532 20.1153 67.4473C20.5664 68.1415 21.3581 68.5368 22.184 68.4802C23.0099 68.4237 23.7404 67.9242 24.0928 67.1751L30.3038 54.75H42.6962L48.9073 67.1751C49.2596 67.9242 49.9901 68.4237 50.816 68.4802C51.6419 68.5368 52.4336 68.1415 52.8848 67.4473C53.3359 66.7532 53.3756 65.8692 52.9886 65.1374L47.7934 54.75H57.0313C61.6239 54.75 65.3959 50.978 65.3959 46.3854V13.6875H66.1563C66.979 13.6991 67.7442 13.2669 68.159 12.5563C68.5737 11.8457 68.5737 10.9668 68.159 10.2562C67.7442 9.54561 66.979 9.11337 66.1563 9.125H63.1146H38.7813V6.84375C38.7901 6.22687 38.5488 5.63271 38.1122 5.19674C37.6757 4.76078 37.0813 4.52019 36.4644 4.52983L36.4644 4.52982ZM12.1667 13.6875H36.1258C36.3707 13.7277 36.6205 13.7277 36.8654 13.6875H60.8334V46.3854C60.8334 48.5119 59.1577 50.1875 57.0313 50.1875H44.4369C44.3376 50.171 44.2374 50.1611 44.1369 50.1578C43.9996 50.1553 43.8624 50.1653 43.727 50.1875H29.2761C29.1161 50.1614 28.9538 50.1524 28.7919 50.1608C28.7113 50.1654 28.631 50.1743 28.5513 50.1875H15.9688C13.8423 50.1875 12.1667 48.5119 12.1667 46.3854L12.1667 13.6875ZM41.7873 21.259C40.5286 21.2787 39.5236 22.3142 39.5417 23.5729V40.3021C39.5301 41.1248 39.9623 41.89 40.6729 42.3048C41.3835 42.7195 42.2624 42.7195 42.973 42.3048C43.6836 41.89 44.1158 41.1248 44.1042 40.3021V23.5729C44.113 22.956 43.8717 22.3619 43.4352 21.9259C42.9986 21.4899 42.4042 21.2493 41.7873 21.259H41.7873ZM52.4331 25.8215C51.1744 25.8412 50.1695 26.8767 50.1875 28.1354V40.3021C50.1759 41.1248 50.6081 41.89 51.3187 42.3048C52.0293 42.7195 52.9082 42.7195 53.6188 42.3048C54.3294 41.89 54.7617 41.1248 54.75 40.3021V28.1354C54.7589 27.5185 54.5175 26.9244 54.081 26.4884C53.6445 26.0524 53.05 25.8118 52.4331 25.8215H52.4331ZM31.1415 30.384C29.8827 30.4037 28.8778 31.4392 28.8959 32.6979V40.3021C28.8842 41.1248 29.3165 41.89 30.0271 42.3048C30.7377 42.7195 31.6165 42.7195 32.3272 42.3048C33.0378 41.89 33.47 41.1248 33.4584 40.3021V32.6979C33.4672 32.081 33.2259 31.4869 32.7893 31.0509C32.3528 30.6149 31.7583 30.3743 31.1415 30.384H31.1415ZM20.4956 34.9465C19.2369 34.9662 18.232 36.0017 18.25 37.2604V40.3021C18.2384 41.1248 18.6706 41.89 19.3812 42.3048C20.0918 42.7195 20.9707 42.7195 21.6813 42.3048C22.3919 41.89 22.8242 41.1248 22.8125 40.3021V37.2604C22.8214 36.6435 22.58 36.0494 22.1435 35.6134C21.707 35.1774 21.1125 34.9368 20.4956 34.9465H20.4956Z\" fill=\"white\"\/><\/svg>        <div class=\"card-partner__title\">Partenaires marketing<\/div>    <\/a><\/div><style>    \/* RESET DEFAULT STYLE GHOST *\/    .post-full-content a {    \tbox-shadow: none;        color: none;    }    .post-full-content a:hover {    \tbox-shadow: none;        color: none;    }    \/* CUSTOM *\/    #cards-partner {        margin: 8px 0px;    \twidth: 100%;        display: grid;        grid-template-columns: repeat(1, minmax(0, 1fr));        grid-template-rows: repeat(4, minmax(0, 1fr));        gap: 32px;    }    @media (min-width: 768px) {        #cards-partner {             margin: 32px 0px;            width: 100%;            display: grid;            grid-template-columns: repeat(2, minmax(0, 1fr));            grid-template-rows: repeat(2, minmax(0, 1fr));            place-content: center;            gap: 40px;        }    }    @media (min-width: 1024px) {        #cards-partner {             margin: 62px 0px;            width: 100%;            display: grid;            grid-template-columns: repeat(4, minmax(0, 1fr));            grid-template-rows: repeat(1, minmax(0, 1fr));            gap: 16px;        }    }    .card-partner {        padding: 26px 7px;        border-radius: 4px;        font-weight: 600;        display: flex;        flex-direction: column;        align-items: center;        justify-around: between;        background-color: #FF9985;    }    .card-partner__title {        color: white;    \tpadding-top: 12px;        line-height: 18px;        font-size: 14px;        text-align: center;        display: flex;        align-items: center;        flex-grow: 1;    }    .card-partner:hover {    \tbackground-color: #FF7357    }<\/style><!--kg-card-end: html-->","protected":false},"excerpt":{"rendered":"<p>Heloa b\u00e9n\u00e9ficie du soutien de nombreux partenaires qui s\u2019engagent \u00e0 nos c\u00f4t\u00e9s pour assurer des r\u00e9ponses aux besoins des parents et de leurs enfants. Des partenariats essentiels pour d\u00e9velopper l\u2019application et la rendre accessible au plus grand nombre. Merci \u00e0 eux pour leur confiance. Maternit\u00e9s Assureurset Entreprises Acteurs engag\u00e9sdans la recherche Partenaires marketing<\/p>\n","protected":false},"author":4,"featured_media":0,"parent":0,"menu_order":0,"comment_status":"closed","ping_status":"closed","template":"","meta":{"_acf_changed":false,"_kad_blocks_custom_css":"","_kad_blocks_head_custom_js":"","_kad_blocks_body_custom_js":"","_kad_blocks_footer_custom_js":"","_kad_post_transparent":"","_kad_post_title":"","_kad_post_layout":"","_kad_post_sidebar_id":"","_kad_post_content_style":"","_kad_post_vertical_padding":"","_kad_post_feature":"","_kad_post_feature_position":"","_kad_post_header":false,"_kad_post_footer":false,"_kad_post_classname":"","footnotes":""},"class_list":["post-6353","page","type-page","status-publish","hentry"],"acf":[],"taxonomy_info":[],"featured_image_src_large":false,"author_info":{"display_name":"Heloa","author_link":"https:\/\/heloa.app\/fr\/author\/expert-heloa"},"comment_info":0,"_links":{"self":[{"href":"https:\/\/heloa.app\/fr\/wp-json\/wp\/v2\/pages\/6353","targetHints":{"allow":["GET"]}}],"collection":[{"href":"https:\/\/heloa.app\/fr\/wp-json\/wp\/v2\/pages"}],"about":[{"href":"https:\/\/heloa.app\/fr\/wp-json\/wp\/v2\/types\/page"}],"author":[{"embeddable":true,"href":"https:\/\/heloa.app\/fr\/wp-json\/wp\/v2\/users\/4"}],"replies":[{"embeddable":true,"href":"https:\/\/heloa.app\/fr\/wp-json\/wp\/v2\/comments?post=6353"}],"version-history":[{"count":0,"href":"https:\/\/heloa.app\/fr\/wp-json\/wp\/v2\/pages\/6353\/revisions"}],"wp:attachment":[{"href":"https:\/\/heloa.app\/fr\/wp-json\/wp\/v2\/media?parent=6353"}],"curies":[{"name":"wp","href":"https:\/\/api.w.org\/{rel}","templated":true}]}}