{"id":6306,"date":"2021-11-30T11:11:26","date_gmt":"2021-11-30T11:11:26","guid":{"rendered":"https:\/\/heloa.app\/malo-recherche-2"},"modified":"2024-09-19T04:43:33","modified_gmt":"2024-09-19T02:43:33","slug":"malo-recherche","status":"publish","type":"page","link":"https:\/\/heloa.app\/fr\/malo-recherche","title":{"rendered":"Heloa fait avancer la recherche m\u00e9dicale"},"content":{"rendered":"\n<p>Le saviez-vous ? Heloa est la premi\u00e8re application qui fait avancer la recherche sur les sujets de la dyade parent \/ enfant !\u00a0<\/p>\n\n\n\n<blockquote class=\"wp-block-quote is-layout-flow wp-block-quote-is-layout-flow\">\n<p class=\"has-background\" style=\"background-color:#fdf4e6\"><strong>Son objectif : <a href=\"https:\/\/heloa.app\/fr\/ameliorer-lesperance-de-vie-en-bonne-sante\">am\u00e9liorer l\u2019esp\u00e9rance de vie en bonne sant\u00e9<\/a> des g\u00e9n\u00e9rations actuelles et futures<\/strong>.<\/p>\n<\/blockquote>\n\n\n<style>.wp-block-kadence-advancedheading.kt-adv-heading6306_513d6d-90, .wp-block-kadence-advancedheading.kt-adv-heading6306_513d6d-90[data-kb-block=\"kb-adv-heading6306_513d6d-90\"]{font-style:normal;}.wp-block-kadence-advancedheading.kt-adv-heading6306_513d6d-90 mark.kt-highlight, .wp-block-kadence-advancedheading.kt-adv-heading6306_513d6d-90[data-kb-block=\"kb-adv-heading6306_513d6d-90\"] mark.kt-highlight{font-style:normal;color:#f76a0c;-webkit-box-decoration-break:clone;box-decoration-break:clone;padding-top:0px;padding-right:0px;padding-bottom:0px;padding-left:0px;}.wp-block-kadence-advancedheading.kt-adv-heading6306_513d6d-90 img.kb-inline-image, .wp-block-kadence-advancedheading.kt-adv-heading6306_513d6d-90[data-kb-block=\"kb-adv-heading6306_513d6d-90\"] img.kb-inline-image{width:150px;vertical-align:baseline;}<\/style>\n<p class=\"kt-adv-heading6306_513d6d-90 wp-block-kadence-advancedheading\" data-kb-block=\"kb-adv-heading6306_513d6d-90\"><\/p>\n\n\n\n<p>Notre \u00e9quipe d\u00e9di\u00e9e \u00e0 la recherche, encadr\u00e9e par le Pr. Fabrice Denis, contribue \u00e0 faire avancer les connaissances en m\u00e9decine par l\u2019analyse des r\u00e9ponses des utilisateurs. De cette fa\u00e7on, Heloa entend permettre de pr\u00e9venir le plus pr\u00e9cocement possible l\u2019apparition de certaines affections et de faire b\u00e9n\u00e9ficier ces \u00e9tudes directement aux parents. Ces donn\u00e9es sont anonymis\u00e9es, prot\u00e9g\u00e9es et h\u00e9berg\u00e9es en France.<\/p>\n\n\n\n<h2 class=\"wp-block-heading\" id=\"mieux-rep-rer-les-troubles-du-neurod-veloppement\">Mieux rep\u00e9rer les troubles du neurod\u00e9veloppement<\/h2>\n\n\n\n<figure class=\"wp-block-image size-large\"><img loading=\"lazy\" decoding=\"async\" width=\"1024\" height=\"580\" src=\"https:\/\/heloa.app\/wp-content\/uploads\/2024\/09\/enfant-malo-pose-questions-1024x580.jpg\" alt=\"enfant-malo-se-pose-des-questions\" class=\"wp-image-7504\" srcset=\"https:\/\/heloa.app\/wp-content\/uploads\/2024\/09\/enfant-malo-pose-questions-1024x580.jpg 1024w, https:\/\/heloa.app\/wp-content\/uploads\/2024\/09\/enfant-malo-pose-questions-300x170.jpg 300w, https:\/\/heloa.app\/wp-content\/uploads\/2024\/09\/enfant-malo-pose-questions-768x435.jpg 768w, https:\/\/heloa.app\/wp-content\/uploads\/2024\/09\/enfant-malo-pose-questions-1536x871.jpg 1536w, https:\/\/heloa.app\/wp-content\/uploads\/2024\/09\/enfant-malo-pose-questions.jpg 1600w\" sizes=\"auto, (max-width: 1024px) 100vw, 1024px\" \/><\/figure>\n\n\n\n<p>5% \u00e0 10% des enfants ont un trouble du neurod\u00e9veloppement. L\u2019origine de ces troubles peut-\u00eatre de l\u2019ordre d\u2019une pr\u00e9disposition g\u00e9n\u00e9tique ou de l\u00e9sions c\u00e9r\u00e9brales li\u00e9es par exemple \u00e0 la grossesse, \u00e0 une grande pr\u00e9maturit\u00e9 ou \u00e0 une infection p\u00e9rinatale. 61% des troubles du neurod\u00e9veloeppement sont rep\u00e9r\u00e9s par les parents et restent tardivement diagnostiqu\u00e9s. Pour permettre aux parents d\u2019am\u00e9liorer le rep\u00e9rage pr\u00e9coce de ces troubles, qui peuvent avoir un impact r\u00e9el sur le bien-\u00eatre de l\u2019enfant, Heloa \u00e9tudie les signaux faibles de leur apparition autour de 3 domaines cl\u00e9s : l\u2019acquisition du langage oral, du langage \u00e9crit et de la <a href=\"https:\/\/heloa.app\/fr\/blog\/1-3-ans\/developpement\/etapes-developpement-motricite\">motricit\u00e9<\/a> fine.<\/p>\n\n\n<style>.wp-block-kadence-advancedbtn.kt-btns6306_1398a9-98, .site .entry-content .wp-block-kadence-advancedbtn.kt-btns6306_1398a9-98, .wp-block-kadence-advancedbtn.kb-btns6306_1398a9-98, .site .entry-content .wp-block-kadence-advancedbtn.kb-btns6306_1398a9-98{margin-top:var(--global-kb-spacing-xxs, 0.5rem);margin-bottom:var(--global-kb-spacing-xxs, 0.5rem);}.wp-block-kadence-advancedbtn.kb-btns6306_1398a9-98{gap:var(--global-kb-gap-xs, 0.5rem );justify-content:flex-start;align-items:center;}.kt-btns6306_1398a9-98 .kt-button{font-weight:normal;font-style:normal;}.kt-btns6306_1398a9-98 .kt-btn-wrap-0{margin-right:5px;}.wp-block-kadence-advancedbtn.kt-btns6306_1398a9-98 .kt-btn-wrap-0 .kt-button{color:#555555;border-color:#555555;}.wp-block-kadence-advancedbtn.kt-btns6306_1398a9-98 .kt-btn-wrap-0 .kt-button:hover, .wp-block-kadence-advancedbtn.kt-btns6306_1398a9-98 .kt-btn-wrap-0 .kt-button:focus{color:#ffffff;border-color:#444444;}.wp-block-kadence-advancedbtn.kt-btns6306_1398a9-98 .kt-btn-wrap-0 .kt-button::before{display:none;}.wp-block-kadence-advancedbtn.kt-btns6306_1398a9-98 .kt-btn-wrap-0 .kt-button:hover, .wp-block-kadence-advancedbtn.kt-btns6306_1398a9-98 .kt-btn-wrap-0 .kt-button:focus{background:#444444;}<\/style>\n<div class=\"wp-block-kadence-advancedbtn kb-buttons-wrap kb-btns6306_1398a9-98\"><style>ul.menu .wp-block-kadence-advancedbtn .kb-btn6306_a48a83-b7.kb-button{width:initial;}.wp-block-kadence-advancedbtn .kb-btn6306_a48a83-b7.kb-button{text-transform:none;}<\/style><a class=\"kb-button kt-button button kb-btn6306_a48a83-b7 kt-btn-size-standard kt-btn-width-type-auto kb-btn-global-fill  kt-btn-has-text-true kt-btn-has-svg-false  wp-block-kadence-singlebtn\" href=\"https:\/\/heloa.app\/les-troubles-du-neurodeveloppement\"><span class=\"kt-btn-inner-text\">En savoir plus<\/span><\/a><\/div>\n\n\n\n<h2 class=\"wp-block-heading\" id=\"prendre-soin-des-parents-et-de-leur-sant-mentale\">Prendre soin des parents et de leur sant\u00e9 mentale<\/h2>\n\n\n\n<figure class=\"wp-block-image size-large\"><img loading=\"lazy\" decoding=\"async\" width=\"1024\" height=\"580\" src=\"https:\/\/heloa.app\/wp-content\/uploads\/2024\/09\/parent-malo-sante-mentale-burnout-1024x580.jpg\" alt=\"parent-design-malo-sante-mentale-burnout\" class=\"wp-image-7505\" srcset=\"https:\/\/heloa.app\/wp-content\/uploads\/2024\/09\/parent-malo-sante-mentale-burnout-1024x580.jpg 1024w, https:\/\/heloa.app\/wp-content\/uploads\/2024\/09\/parent-malo-sante-mentale-burnout-300x170.jpg 300w, https:\/\/heloa.app\/wp-content\/uploads\/2024\/09\/parent-malo-sante-mentale-burnout-768x435.jpg 768w, https:\/\/heloa.app\/wp-content\/uploads\/2024\/09\/parent-malo-sante-mentale-burnout-1536x871.jpg 1536w, https:\/\/heloa.app\/wp-content\/uploads\/2024\/09\/parent-malo-sante-mentale-burnout.jpg 1600w\" sizes=\"auto, (max-width: 1024px) 100vw, 1024px\" \/><\/figure>\n\n\n\n<p>Aujourd\u2019hui, 20 \u00e0 30% des m\u00e8res seraient touch\u00e9es par la d\u00e9pression du <a href=\"https:\/\/heloa.app\/fr\/blog\/parents\/post-partum\/quappelle-t-on-le-post-partum\">post-partum<\/a> chaque ann\u00e9e et 34% des m\u00e8res d\u2019enfants \u00e2g\u00e9s de 0 \u00e0 7 ans seraient concern\u00e9es par le <a href=\"https:\/\/heloa.app\/fr\/blog\/parents\/sante\/le-burn-out-parental\">burn-out<\/a> maternel (Etude <a href=\"https:\/\/heloa.app\/fr\/les-francaises-et-le-burn-out-maternel\">Ifop<\/a>, avril 2022). Ces maladies, qui impactent le bien-\u00eatre du parent, peuvent \u00e9galement avoir des r\u00e9percussions sur le d\u00e9veloppement de l\u2019enfant et la sant\u00e9 du co-parent. Particuli\u00e8rement engag\u00e9e en faveur de la sant\u00e9 mentale,&nbsp;<strong><a href=\"https:\/\/heloa.app\/\">l\u2019application Heloa<\/a><\/strong>&nbsp;contribue notamment au rep\u00e9rage tr\u00e8s pr\u00e9coce chez les parents de ces maladies pour favoriser une meilleure prise en charge et avoir une action favorable sur toute la sant\u00e9 familiale.<\/p>\n\n\n<style>.wp-block-kadence-advancedbtn.kt-btns6306_9d1394-40, .site .entry-content .wp-block-kadence-advancedbtn.kt-btns6306_9d1394-40, .wp-block-kadence-advancedbtn.kb-btns6306_9d1394-40, .site .entry-content .wp-block-kadence-advancedbtn.kb-btns6306_9d1394-40{margin-top:var(--global-kb-spacing-xxs, 0.5rem);margin-bottom:var(--global-kb-spacing-xxs, 0.5rem);}.wp-block-kadence-advancedbtn.kb-btns6306_9d1394-40{gap:var(--global-kb-gap-xs, 0.5rem );justify-content:flex-start;align-items:center;}.kt-btns6306_9d1394-40 .kt-button{font-weight:normal;font-style:normal;}.kt-btns6306_9d1394-40 .kt-btn-wrap-0{margin-right:5px;}.wp-block-kadence-advancedbtn.kt-btns6306_9d1394-40 .kt-btn-wrap-0 .kt-button{color:#555555;border-color:#555555;}.wp-block-kadence-advancedbtn.kt-btns6306_9d1394-40 .kt-btn-wrap-0 .kt-button:hover, .wp-block-kadence-advancedbtn.kt-btns6306_9d1394-40 .kt-btn-wrap-0 .kt-button:focus{color:#ffffff;border-color:#444444;}.wp-block-kadence-advancedbtn.kt-btns6306_9d1394-40 .kt-btn-wrap-0 .kt-button::before{display:none;}.wp-block-kadence-advancedbtn.kt-btns6306_9d1394-40 .kt-btn-wrap-0 .kt-button:hover, .wp-block-kadence-advancedbtn.kt-btns6306_9d1394-40 .kt-btn-wrap-0 .kt-button:focus{background:#444444;}<\/style>\n<div class=\"wp-block-kadence-advancedbtn kb-buttons-wrap kb-btns6306_9d1394-40\"><style>ul.menu .wp-block-kadence-advancedbtn .kb-btn6306_733259-55.kb-button{width:initial;}.wp-block-kadence-advancedbtn .kb-btn6306_733259-55.kb-button{text-transform:none;}<\/style><a class=\"kb-button kt-button button kb-btn6306_733259-55 kt-btn-size-standard kt-btn-width-type-auto kb-btn-global-fill  kt-btn-has-text-true kt-btn-has-svg-false  wp-block-kadence-singlebtn\" href=\"https:\/\/heloa.app\/blog\/prevention\/sante-mentale\/prendre-soin-sante-mentale-malo\"><span class=\"kt-btn-inner-text\">En savoir plus<\/span><\/a><\/div>\n\n\n\n<h2 class=\"wp-block-heading\" id=\"am-liorer-l-esp-rance-de-vie-en-bonne-sant-des-g-n-rations-actuelles-et-futures\">Am\u00e9liorer l\u2019esp\u00e9rance de vie en bonne sant\u00e9 des g\u00e9n\u00e9rations actuelles et futures<\/h2>\n\n\n\n<figure class=\"wp-block-image size-large\"><img loading=\"lazy\" decoding=\"async\" width=\"1024\" height=\"580\" src=\"https:\/\/heloa.app\/wp-content\/uploads\/2024\/09\/famille-malo-heuresue-1024x580.jpg\" alt=\"fanille-heureuse-design-malo\" class=\"wp-image-7507\" srcset=\"https:\/\/heloa.app\/wp-content\/uploads\/2024\/09\/famille-malo-heuresue-1024x580.jpg 1024w, https:\/\/heloa.app\/wp-content\/uploads\/2024\/09\/famille-malo-heuresue-300x170.jpg 300w, https:\/\/heloa.app\/wp-content\/uploads\/2024\/09\/famille-malo-heuresue-768x435.jpg 768w, https:\/\/heloa.app\/wp-content\/uploads\/2024\/09\/famille-malo-heuresue-1536x871.jpg 1536w, https:\/\/heloa.app\/wp-content\/uploads\/2024\/09\/famille-malo-heuresue.jpg 1600w\" sizes=\"auto, (max-width: 1024px) 100vw, 1024px\" \/><\/figure>\n\n\n\n<p>Bien en amont de sa naissance, chaque individu capitalise ce que l\u2019on appelle la r\u00e9serve fonctionnelle. Cette r\u00e9serve permet de pouvoir r\u00e9aliser de fa\u00e7on convenable les actions de la vie quotidienne. Cependant les \u00e9tapes de la vie (grossesse, parentalit\u00e9, aide \u00e0 un proche) peuvent fragiliser cette r\u00e9serve et amener l\u2019individu vers l\u2019\u00e9tat de (pr\u00e9)-fragilit\u00e9. Heloa aide au rep\u00e9rage pr\u00e9coce de cet \u00e9tat dans l\u2019objectif de le reverser et d\u2019augmenter l\u2019esp\u00e9rance de vie en bonne sant\u00e9.<\/p>\n\n\n<style>.wp-block-kadence-advancedbtn.kt-btns6306_dfe3ec-c3, .site .entry-content .wp-block-kadence-advancedbtn.kt-btns6306_dfe3ec-c3, .wp-block-kadence-advancedbtn.kb-btns6306_dfe3ec-c3, .site .entry-content .wp-block-kadence-advancedbtn.kb-btns6306_dfe3ec-c3{margin-top:var(--global-kb-spacing-xxs, 0.5rem);margin-bottom:var(--global-kb-spacing-xxs, 0.5rem);}.wp-block-kadence-advancedbtn.kb-btns6306_dfe3ec-c3{gap:var(--global-kb-gap-xs, 0.5rem );justify-content:flex-start;align-items:center;}.kt-btns6306_dfe3ec-c3 .kt-button{font-weight:normal;font-style:normal;}.kt-btns6306_dfe3ec-c3 .kt-btn-wrap-0{margin-right:5px;}.wp-block-kadence-advancedbtn.kt-btns6306_dfe3ec-c3 .kt-btn-wrap-0 .kt-button{color:#555555;border-color:#555555;}.wp-block-kadence-advancedbtn.kt-btns6306_dfe3ec-c3 .kt-btn-wrap-0 .kt-button:hover, .wp-block-kadence-advancedbtn.kt-btns6306_dfe3ec-c3 .kt-btn-wrap-0 .kt-button:focus{color:#ffffff;border-color:#444444;}.wp-block-kadence-advancedbtn.kt-btns6306_dfe3ec-c3 .kt-btn-wrap-0 .kt-button::before{display:none;}.wp-block-kadence-advancedbtn.kt-btns6306_dfe3ec-c3 .kt-btn-wrap-0 .kt-button:hover, .wp-block-kadence-advancedbtn.kt-btns6306_dfe3ec-c3 .kt-btn-wrap-0 .kt-button:focus{background:#444444;}<\/style>\n<div class=\"wp-block-kadence-advancedbtn kb-buttons-wrap kb-btns6306_dfe3ec-c3\"><style>ul.menu .wp-block-kadence-advancedbtn .kb-btn6306_fbe56f-1e.kb-button{width:initial;}.wp-block-kadence-advancedbtn .kb-btn6306_fbe56f-1e.kb-button{text-transform:none;}<\/style><a class=\"kb-button kt-button button kb-btn6306_fbe56f-1e kt-btn-size-standard kt-btn-width-type-auto kb-btn-global-fill  kt-btn-has-text-true kt-btn-has-svg-false  wp-block-kadence-singlebtn\" href=\"https:\/\/heloa.app\/ameliorer-lesperance-de-vie-en-bonne-sante\"><span class=\"kt-btn-inner-text\">En savoir plus<\/span><\/a><\/div>\n","protected":false},"excerpt":{"rendered":"<p>Le saviez-vous ? Heloa est la premi\u00e8re application qui fait avancer la recherche sur les sujets de la dyade parent \/ enfant ! Son objectif : am\u00e9liorer l\u2019esp\u00e9rance de vie en bonne sant\u00e9 des g\u00e9n\u00e9rations actuelles et futures.<\/p>\n","protected":false},"author":4,"featured_media":5624,"parent":0,"menu_order":0,"comment_status":"closed","ping_status":"closed","template":"","meta":{"_acf_changed":false,"_kad_blocks_custom_css":"","_kad_blocks_head_custom_js":"","_kad_blocks_body_custom_js":"","_kad_blocks_footer_custom_js":"","_kad_post_transparent":"","_kad_post_title":"","_kad_post_layout":"","_kad_post_sidebar_id":"","_kad_post_content_style":"","_kad_post_vertical_padding":"","_kad_post_feature":"","_kad_post_feature_position":"","_kad_post_header":false,"_kad_post_footer":false,"_kad_post_classname":"","footnotes":""},"class_list":["post-6306","page","type-page","status-publish","has-post-thumbnail","hentry"],"acf":[],"taxonomy_info":[],"featured_image_src_large":["https:\/\/heloa.app\/wp-content\/uploads\/2024\/09\/Recherche-me-dicale-app-malo-9-818x1024.jpg",818,1024,true],"author_info":{"display_name":"Heloa","author_link":"https:\/\/heloa.app\/fr\/author\/expert-heloa"},"comment_info":0,"_links":{"self":[{"href":"https:\/\/heloa.app\/fr\/wp-json\/wp\/v2\/pages\/6306","targetHints":{"allow":["GET"]}}],"collection":[{"href":"https:\/\/heloa.app\/fr\/wp-json\/wp\/v2\/pages"}],"about":[{"href":"https:\/\/heloa.app\/fr\/wp-json\/wp\/v2\/types\/page"}],"author":[{"embeddable":true,"href":"https:\/\/heloa.app\/fr\/wp-json\/wp\/v2\/users\/4"}],"replies":[{"embeddable":true,"href":"https:\/\/heloa.app\/fr\/wp-json\/wp\/v2\/comments?post=6306"}],"version-history":[{"count":2,"href":"https:\/\/heloa.app\/fr\/wp-json\/wp\/v2\/pages\/6306\/revisions"}],"predecessor-version":[{"id":7574,"href":"https:\/\/heloa.app\/fr\/wp-json\/wp\/v2\/pages\/6306\/revisions\/7574"}],"wp:featuredmedia":[{"embeddable":true,"href":"https:\/\/heloa.app\/fr\/wp-json\/wp\/v2\/media\/5624"}],"wp:attachment":[{"href":"https:\/\/heloa.app\/fr\/wp-json\/wp\/v2\/media?parent=6306"}],"curies":[{"name":"wp","href":"https:\/\/api.w.org\/{rel}","templated":true}]}}