{"id":24826,"date":"2025-09-11T14:17:22","date_gmt":"2025-09-11T12:17:22","guid":{"rendered":"https:\/\/heloa.app\/?page_id=24826"},"modified":"2025-09-11T17:00:53","modified_gmt":"2025-09-11T15:00:53","slug":"livret-grossesse-2025","status":"publish","type":"page","link":"https:\/\/heloa.app\/fr\/livret-grossesse-2025","title":{"rendered":"Livret grossesse 2025"},"content":{"rendered":"<style>.kb-row-layout-id24826_82d224-24 > .kt-row-column-wrap{align-content:start;}:where(.kb-row-layout-id24826_82d224-24 > .kt-row-column-wrap) > .wp-block-kadence-column{justify-content:start;}.kb-row-layout-id24826_82d224-24 > .kt-row-column-wrap{column-gap:var(--global-kb-gap-lg, 4rem);row-gap:var(--global-kb-gap-md, 2rem);max-width:var( --global-content-width, 1290px );padding-left:var(--global-content-edge-padding);padding-right:var(--global-content-edge-padding);padding-top:0px;padding-bottom:var(--global-kb-spacing-lg, 3rem);grid-template-columns:minmax(0, calc(45% - ((var(--global-kb-gap-lg, 4rem) * 1 )\/2)))minmax(0, calc(55% - ((var(--global-kb-gap-lg, 4rem) * 1 )\/2)));}.kb-row-layout-id24826_82d224-24 > .kt-row-layout-overlay{opacity:0.30;}@media all and (max-width: 1024px){.kb-row-layout-id24826_82d224-24 > .kt-row-column-wrap{column-gap:var(--global-kb-gap-md, 2rem);padding-top:var(--global-kb-spacing-lg, 3rem);padding-bottom:var(--global-kb-spacing-lg, 3rem);grid-template-columns:minmax(0, 1fr);}}@media all and (max-width: 767px){.kb-row-layout-id24826_82d224-24 > .kt-row-column-wrap{padding-right:var(--global-kb-spacing-xs, 1rem);padding-left:var(--global-kb-spacing-xs, 1rem);grid-template-columns:minmax(0, 1fr);}}<\/style><div class=\"kb-row-layout-wrap kb-row-layout-id24826_82d224-24 alignfull has-theme-palette9-background-color kt-row-has-bg wp-block-kadence-rowlayout\"><div class=\"kt-row-column-wrap kt-has-2-columns kt-row-layout-equal kt-tab-layout-row kt-mobile-layout-row kt-row-valign-top kb-theme-content-width\">\n<style>.kadence-column24826_54ac05-ff > .kt-inside-inner-col{display:flex;}.kadence-column24826_54ac05-ff > .kt-inside-inner-col,.kadence-column24826_54ac05-ff > .kt-inside-inner-col:before{border-top-left-radius:0px;border-top-right-radius:0px;border-bottom-right-radius:0px;border-bottom-left-radius:0px;}.kadence-column24826_54ac05-ff > .kt-inside-inner-col{column-gap:var(--global-kb-gap-sm, 1rem);}.kadence-column24826_54ac05-ff > .kt-inside-inner-col{flex-direction:column;justify-content:center;}.kadence-column24826_54ac05-ff > .kt-inside-inner-col > .aligncenter{width:100%;}.kt-row-column-wrap > .kadence-column24826_54ac05-ff{align-self:center;}.kt-inner-column-height-full:not(.kt-has-1-columns) > .wp-block-kadence-column.kadence-column24826_54ac05-ff{align-self:auto;}.kt-inner-column-height-full:not(.kt-has-1-columns) > .wp-block-kadence-column.kadence-column24826_54ac05-ff > .kt-inside-inner-col{flex-direction:column;justify-content:center;}.kadence-column24826_54ac05-ff > .kt-inside-inner-col:before{opacity:0.3;}.kadence-column24826_54ac05-ff{text-align:left;}.kadence-column24826_54ac05-ff{position:relative;}@media all and (max-width: 1024px){.kt-row-column-wrap > .kadence-column24826_54ac05-ff{align-self:center;}}@media all and (max-width: 1024px){.kt-inner-column-height-full:not(.kt-has-1-columns) > .wp-block-kadence-column.kadence-column24826_54ac05-ff{align-self:auto;}}@media all and (max-width: 1024px){.kt-inner-column-height-full:not(.kt-has-1-columns) > .wp-block-kadence-column.kadence-column24826_54ac05-ff > .kt-inside-inner-col{flex-direction:column;justify-content:center;}}@media all and (max-width: 1024px){.kadence-column24826_54ac05-ff > .kt-inside-inner-col{flex-direction:column;justify-content:center;}}@media all and (max-width: 767px){.kt-row-column-wrap > .kadence-column24826_54ac05-ff{align-self:center;}.kt-inner-column-height-full:not(.kt-has-1-columns) > .wp-block-kadence-column.kadence-column24826_54ac05-ff{align-self:auto;}.kt-inner-column-height-full:not(.kt-has-1-columns) > .wp-block-kadence-column.kadence-column24826_54ac05-ff > .kt-inside-inner-col{flex-direction:column;justify-content:center;}.kadence-column24826_54ac05-ff > .kt-inside-inner-col{flex-direction:column;justify-content:center;}}<\/style>\n<div class=\"wp-block-kadence-column kadence-column24826_54ac05-ff kb-section-dir-vertical inner-column-1\"><div class=\"kt-inside-inner-col\"><style>.wp-block-kadence-advancedheading.kt-adv-heading24826_68a72e-7f, .wp-block-kadence-advancedheading.kt-adv-heading24826_68a72e-7f[data-kb-block=\"kb-adv-heading24826_68a72e-7f\"]{margin-top:var(--global-kb-spacing-xs, 1rem);margin-bottom:var(--global-kb-spacing-sm, 1.5rem);text-align:left;font-size:var(--global-kb-font-size-xl, 3rem);line-height:1.1;font-weight:700;font-style:normal;}.wp-block-kadence-advancedheading.kt-adv-heading24826_68a72e-7f mark.kt-highlight, .wp-block-kadence-advancedheading.kt-adv-heading24826_68a72e-7f[data-kb-block=\"kb-adv-heading24826_68a72e-7f\"] mark.kt-highlight{font-style:normal;color:#f76a0c;-webkit-box-decoration-break:clone;box-decoration-break:clone;padding-top:0px;padding-right:0px;padding-bottom:0px;padding-left:0px;}.wp-block-kadence-advancedheading.kt-adv-heading24826_68a72e-7f img.kb-inline-image, .wp-block-kadence-advancedheading.kt-adv-heading24826_68a72e-7f[data-kb-block=\"kb-adv-heading24826_68a72e-7f\"] img.kb-inline-image{width:150px;vertical-align:baseline;}@media all and (max-width: 767px){.wp-block-kadence-advancedheading.kt-adv-heading24826_68a72e-7f, .wp-block-kadence-advancedheading.kt-adv-heading24826_68a72e-7f[data-kb-block=\"kb-adv-heading24826_68a72e-7f\"]{font-size:var(--global-kb-font-size-lg, 2rem);}}<\/style>\n<h1 class=\"kt-adv-heading24826_68a72e-7f wp-block-kadence-advancedheading\" data-kb-block=\"kb-adv-heading24826_68a72e-7f\">Votre guide gratuit pour une grossesse sereine<\/h1>\n\n\n<style>.wp-block-kadence-advancedheading.kt-adv-heading24826_621670-7e, .wp-block-kadence-advancedheading.kt-adv-heading24826_621670-7e[data-kb-block=\"kb-adv-heading24826_621670-7e\"]{margin-bottom:var(--global-kb-spacing-sm, 1.5rem);font-weight:600;font-style:normal;}.wp-block-kadence-advancedheading.kt-adv-heading24826_621670-7e mark.kt-highlight, .wp-block-kadence-advancedheading.kt-adv-heading24826_621670-7e[data-kb-block=\"kb-adv-heading24826_621670-7e\"] mark.kt-highlight{font-style:normal;color:#f76a0c;-webkit-box-decoration-break:clone;box-decoration-break:clone;padding-top:0px;padding-right:0px;padding-bottom:0px;padding-left:0px;}.wp-block-kadence-advancedheading.kt-adv-heading24826_621670-7e img.kb-inline-image, .wp-block-kadence-advancedheading.kt-adv-heading24826_621670-7e[data-kb-block=\"kb-adv-heading24826_621670-7e\"] img.kb-inline-image{width:150px;vertical-align:baseline;}<\/style>\n<p class=\"kt-adv-heading24826_621670-7e wp-block-kadence-advancedheading has-theme-palette-3-color has-text-color\" data-kb-block=\"kb-adv-heading24826_621670-7e\">Un livret complet r\u00e9dig\u00e9 avec des experts pour vous accompagner mois apr\u00e8s mois. Dans ce livret, vous d\u00e9couvrirez :<\/p>\n\n\n<style>.wp-block-kadence-advancedheading.kt-adv-heading24826_23f06d-da, .wp-block-kadence-advancedheading.kt-adv-heading24826_23f06d-da[data-kb-block=\"kb-adv-heading24826_23f06d-da\"]{font-style:normal;}.wp-block-kadence-advancedheading.kt-adv-heading24826_23f06d-da mark.kt-highlight, .wp-block-kadence-advancedheading.kt-adv-heading24826_23f06d-da[data-kb-block=\"kb-adv-heading24826_23f06d-da\"] mark.kt-highlight{font-style:normal;color:#f76a0c;-webkit-box-decoration-break:clone;box-decoration-break:clone;padding-top:0px;padding-right:0px;padding-bottom:0px;padding-left:0px;}.wp-block-kadence-advancedheading.kt-adv-heading24826_23f06d-da img.kb-inline-image, .wp-block-kadence-advancedheading.kt-adv-heading24826_23f06d-da[data-kb-block=\"kb-adv-heading24826_23f06d-da\"] img.kb-inline-image{width:150px;vertical-align:baseline;}<\/style>\n<p class=\"kt-adv-heading24826_23f06d-da wp-block-kadence-advancedheading has-theme-palette-6-color has-text-color\" data-kb-block=\"kb-adv-heading24826_23f06d-da\">\u2713 Les \u00e9tapes essentielles mois par mois de votre grossesse<br>\u2713 Les points de sant\u00e9 \u00e0 surveiller et les rendez-vous cl\u00e9s<br>\u2713 L\u2019\u00e9volution de votre b\u00e9b\u00e9 et de votre corps semaine apr\u00e8s semaine<br>\u2713 Des conseils pratiques sur l\u2019alimentation, le sport et le bien-\u00eatre<br>\u2713 Les situations sensibles (infections, violences, stress) et comment r\u00e9agir<\/p>\n<\/div><\/div>\n\n\n<style>.kadence-column24826_ce9a7a-dc > .kt-inside-inner-col{display:flex;}.kadence-column24826_ce9a7a-dc > .kt-inside-inner-col,.kadence-column24826_ce9a7a-dc > .kt-inside-inner-col:before{border-top-left-radius:15px;border-top-right-radius:15px;border-bottom-right-radius:15px;border-bottom-left-radius:15px;}.kadence-column24826_ce9a7a-dc > .kt-inside-inner-col{column-gap:0px;}.kadence-column24826_ce9a7a-dc > .kt-inside-inner-col{flex-direction:column;justify-content:flex-start;}.kadence-column24826_ce9a7a-dc > .kt-inside-inner-col > .aligncenter{width:100%;}.kt-row-column-wrap > .kadence-column24826_ce9a7a-dc{align-self:flex-start;}.kt-inner-column-height-full:not(.kt-has-1-columns) > .wp-block-kadence-column.kadence-column24826_ce9a7a-dc{align-self:auto;}.kt-inner-column-height-full:not(.kt-has-1-columns) > .wp-block-kadence-column.kadence-column24826_ce9a7a-dc > .kt-inside-inner-col{flex-direction:column;justify-content:flex-start;}.kadence-column24826_ce9a7a-dc > .kt-inside-inner-col:before{opacity:0.3;}.kadence-column24826_ce9a7a-dc{text-align:left;}.kadence-column24826_ce9a7a-dc{position:relative;}@media all and (max-width: 1024px){.kt-row-column-wrap > .kadence-column24826_ce9a7a-dc{align-self:flex-start;}}@media all and (max-width: 1024px){.kt-inner-column-height-full:not(.kt-has-1-columns) > .wp-block-kadence-column.kadence-column24826_ce9a7a-dc{align-self:auto;}}@media all and (max-width: 1024px){.kt-inner-column-height-full:not(.kt-has-1-columns) > .wp-block-kadence-column.kadence-column24826_ce9a7a-dc > .kt-inside-inner-col{flex-direction:column;justify-content:flex-start;}}@media all and (max-width: 1024px){.kadence-column24826_ce9a7a-dc > .kt-inside-inner-col{flex-direction:column;justify-content:flex-start;}}@media all and (max-width: 767px){.kadence-column24826_ce9a7a-dc > .kt-inside-inner-col{padding-top:var(--global-kb-spacing-xs, 1rem);padding-right:var(--global-kb-spacing-xs, 1rem);padding-bottom:var(--global-kb-spacing-xs, 1rem);padding-left:var(--global-kb-spacing-xs, 1rem);flex-direction:column;justify-content:flex-start;}.kt-row-column-wrap > .kadence-column24826_ce9a7a-dc{align-self:flex-start;}.kt-inner-column-height-full:not(.kt-has-1-columns) > .wp-block-kadence-column.kadence-column24826_ce9a7a-dc{align-self:auto;}.kt-inner-column-height-full:not(.kt-has-1-columns) > .wp-block-kadence-column.kadence-column24826_ce9a7a-dc > .kt-inside-inner-col{flex-direction:column;justify-content:flex-start;}}<\/style>\n<div class=\"wp-block-kadence-column kadence-column24826_ce9a7a-dc kb-section-dir-vertical inner-column-2\"><div class=\"kt-inside-inner-col\">\n<div class=\"wp-block-group is-layout-grid wp-container-core-group-is-layout-1bf68da8 wp-block-group-is-layout-grid\">\n<figure class=\"wp-block-image size-large is-resized has-custom-border wp-container-content-725258bd\"><img loading=\"lazy\" decoding=\"async\" width=\"612\" height=\"1024\" src=\"https:\/\/heloa.app\/wp-content\/uploads\/2025\/09\/Heloa-livret-grossesse-cover-612x1024.png\" alt=\"Couverture du livret grossesse Heloa &quot;J'attends un enfant&quot; - Guide pour vivre 9 mois de grossesse sereinement\" class=\"wp-image-69313\" style=\"border-style:none;border-width:0px;border-radius:0px;width:282px;height:auto\" srcset=\"https:\/\/heloa.app\/wp-content\/uploads\/2025\/09\/Heloa-livret-grossesse-cover-612x1024.png 612w, https:\/\/heloa.app\/wp-content\/uploads\/2025\/09\/Heloa-livret-grossesse-cover-179x300.png 179w, https:\/\/heloa.app\/wp-content\/uploads\/2025\/09\/Heloa-livret-grossesse-cover-768x1286.png 768w, https:\/\/heloa.app\/wp-content\/uploads\/2025\/09\/Heloa-livret-grossesse-cover-917x1536.png 917w, https:\/\/heloa.app\/wp-content\/uploads\/2025\/09\/Heloa-livret-grossesse-cover-1223x2048.png 1223w, https:\/\/heloa.app\/wp-content\/uploads\/2025\/09\/Heloa-livret-grossesse-cover.png 1266w\" sizes=\"auto, (max-width: 612px) 100vw, 612px\" \/><\/figure>\n\n\n\n<div data-tf-live=\"01K4WAE0S3Y63KHHSWNDX0YQVS\"><\/div><script src=\"\/\/embed.typeform.com\/next\/embed.js\"><\/script>\n<\/div>\n<\/div><\/div>\n\n<\/div><\/div>\n\n<style>.wp-block-kadence-advancedheading.kt-adv-heading24826_60d063-f3, .wp-block-kadence-advancedheading.kt-adv-heading24826_60d063-f3[data-kb-block=\"kb-adv-heading24826_60d063-f3\"]{font-style:normal;}.wp-block-kadence-advancedheading.kt-adv-heading24826_60d063-f3 mark.kt-highlight, .wp-block-kadence-advancedheading.kt-adv-heading24826_60d063-f3[data-kb-block=\"kb-adv-heading24826_60d063-f3\"] mark.kt-highlight{font-style:normal;color:#f76a0c;-webkit-box-decoration-break:clone;box-decoration-break:clone;padding-top:0px;padding-right:0px;padding-bottom:0px;padding-left:0px;}.wp-block-kadence-advancedheading.kt-adv-heading24826_60d063-f3 img.kb-inline-image, .wp-block-kadence-advancedheading.kt-adv-heading24826_60d063-f3[data-kb-block=\"kb-adv-heading24826_60d063-f3\"] img.kb-inline-image{width:150px;vertical-align:baseline;}<\/style>\n<p class=\"kt-adv-heading24826_60d063-f3 wp-block-kadence-advancedheading\" data-kb-block=\"kb-adv-heading24826_60d063-f3\"><\/p>\n","protected":false},"excerpt":{"rendered":"<p>Votre guide gratuit pour une grossesse sereine Un livret complet r\u00e9dig\u00e9 avec des experts pour vous accompagner mois apr\u00e8s mois. Dans ce livret, vous d\u00e9couvrirez : \u2713 Les \u00e9tapes essentielles mois par mois de votre grossesse\u2713 Les points de sant\u00e9 \u00e0 surveiller et les rendez-vous cl\u00e9s\u2713 L\u2019\u00e9volution de votre b\u00e9b\u00e9 et de votre corps semaine&#8230;<\/p>\n","protected":false},"author":4,"featured_media":0,"parent":0,"menu_order":0,"comment_status":"closed","ping_status":"closed","template":"","meta":{"_acf_changed":false,"_kad_blocks_custom_css":"","_kad_blocks_head_custom_js":"","_kad_blocks_body_custom_js":"","_kad_blocks_footer_custom_js":"","_kad_post_transparent":"disable","_kad_post_title":"hide","_kad_post_layout":"","_kad_post_sidebar_id":"","_kad_post_content_style":"","_kad_post_vertical_padding":"","_kad_post_feature":"","_kad_post_feature_position":"","_kad_post_header":false,"_kad_post_footer":false,"_kad_post_classname":"","footnotes":""},"class_list":["post-24826","page","type-page","status-publish","hentry"],"acf":[],"taxonomy_info":[],"featured_image_src_large":false,"author_info":{"display_name":"Heloa","author_link":"https:\/\/heloa.app\/fr\/author\/expert-heloa"},"comment_info":0,"_links":{"self":[{"href":"https:\/\/heloa.app\/fr\/wp-json\/wp\/v2\/pages\/24826","targetHints":{"allow":["GET"]}}],"collection":[{"href":"https:\/\/heloa.app\/fr\/wp-json\/wp\/v2\/pages"}],"about":[{"href":"https:\/\/heloa.app\/fr\/wp-json\/wp\/v2\/types\/page"}],"author":[{"embeddable":true,"href":"https:\/\/heloa.app\/fr\/wp-json\/wp\/v2\/users\/4"}],"replies":[{"embeddable":true,"href":"https:\/\/heloa.app\/fr\/wp-json\/wp\/v2\/comments?post=24826"}],"version-history":[{"count":34,"href":"https:\/\/heloa.app\/fr\/wp-json\/wp\/v2\/pages\/24826\/revisions"}],"predecessor-version":[{"id":69359,"href":"https:\/\/heloa.app\/fr\/wp-json\/wp\/v2\/pages\/24826\/revisions\/69359"}],"wp:attachment":[{"href":"https:\/\/heloa.app\/fr\/wp-json\/wp\/v2\/media?parent=24826"}],"curies":[{"name":"wp","href":"https:\/\/api.w.org\/{rel}","templated":true}]}}