{"id":13087,"date":"2022-01-26T17:02:49","date_gmt":"2022-01-26T16:02:49","guid":{"rendered":"https:\/\/heloa.app\/maternity-wards-and-parenting-centers"},"modified":"2022-01-26T17:02:49","modified_gmt":"2022-01-26T16:02:49","slug":"maternity-wards-and-parenting-centers","status":"publish","type":"page","link":"https:\/\/heloa.app\/en\/maternity-wards-and-parenting-centers","title":{"rendered":"Maternity wards and parenting centers"},"content":{"rendered":"<p>Clinics and parenting centers have joined forces with Heloa, expanding their range of services to provide quality support for young parents and their newborns leaving the maternity ward. These partnerships have resulted in the deployment of information tools within the clinics and training for healthcare professionals. <\/p><h2 id=\"clinique-sainte-th%C3%A9r%C3%A8se\">Clinique-Sainte-Th\u00e9r\u00e8se<\/h2><figure class=\"kg-card kg-image-card\"><img decoding=\"async\" src=\"https:\/\/heloa.app\/wp-content\/uploads\/2023\/07\/Sainte-therese-1.png\" class=\"kg-image\" alt=\"\" loading=\"lazy\" width=\"166\" height=\"114\"><\/figure><p>The first clinic to join forces with Heloa, <a href=\"https:\/\/www.cliniquesaintetherese.fr\/fr\/\" target=\"_blank\" rel=\"noopener\">this top-quality private maternity unit<\/a> is located in the 17th arrondissement of Paris. Its healthcare professionals include Dr Agn\u00e8s Gepner, Heloa&#8217;s Medical Director.   <br><br><em>&#8220;At our maternity hospital, the quality of our patients&#8217; care is at the heart of our concerns. To continue this commitment beyond the birth of the child, we felt it necessary to inform young parents about Heloa, a predictive health tool that meets the needs of both parents and their children. This innovative partnership creates a link between <a href=\"https:\/\/heloa.app\/en\/blog\/pregnancy\/daily-life\/pregnancy-journey-guide\">pregnancy<\/a> monitoring with our healthcare professionals and the return home, which requires greater autonomy in monitoring one&#8217;s health and well-being.&#8221;  <\/em>Dr Agn\u00e8s Gepner, Anaesthetist at Clinique Sainte-Th\u00e9r\u00e8se and Medical Director of Heloa<\/p><h2 id=\"maison-n%C3%A9\">Home-born<\/h2><figure class=\"kg-card kg-image-card\"><img decoding=\"async\" src=\"https:\/\/heloa.app\/wp-content\/uploads\/2023\/07\/maison-ne-.png\" class=\"kg-image\" alt=\"\" loading=\"lazy\" width=\"304\" height=\"200\"><\/figure><p><a href=\"https:\/\/www.maison-ne.com\/\" target=\"_blank\" rel=\"noopener\">Maison-n\u00e9<\/a> is the first health and well-being center, entirely designed and conceived by two nursery nurses, for children and their families. A team of professionals specializing in perinatal care and the health and development of young children is at your side from pregnancy through to your child&#8217;s sixth birthday. You can benefit from individual paramedical consultations, take part in group workshops, enroll your child in extra-curricular workshops, attend conferences and, above all, benefit from a solid foundation of mutual support and listening between parents. The entire Maison-n\u00e9 team will guide you step by step, through every stage of your parenthood, with caring support based on trust and professionalism.   <\/p>","protected":false},"excerpt":{"rendered":"<p>Clinics and parenting centers have joined forces with Heloa, expanding their range of services to provide quality support for young parents and their newborns leaving the maternity ward. These partnerships have resulted in the deployment of information tools within the clinics and training for healthcare professionals. Clinique-Sainte-Th\u00e9r\u00e8seThe first clinic to join forces with Heloa, this&#8230;<\/p>\n","protected":false},"author":4,"featured_media":0,"parent":0,"menu_order":0,"comment_status":"closed","ping_status":"closed","template":"","meta":{"_acf_changed":false,"_kad_blocks_custom_css":"","_kad_blocks_head_custom_js":"","_kad_blocks_body_custom_js":"","_kad_blocks_footer_custom_js":"","_kad_post_transparent":"","_kad_post_title":"","_kad_post_layout":"","_kad_post_sidebar_id":"","_kad_post_content_style":"","_kad_post_vertical_padding":"","_kad_post_feature":"","_kad_post_feature_position":"","_kad_post_header":false,"_kad_post_footer":false,"_kad_post_classname":"","footnotes":""},"class_list":["post-13087","page","type-page","status-publish","hentry"],"acf":[],"taxonomy_info":[],"featured_image_src_large":false,"author_info":{"display_name":"Heloa","author_link":"https:\/\/heloa.app\/en\/author\/expert-heloa"},"comment_info":0,"_links":{"self":[{"href":"https:\/\/heloa.app\/en\/wp-json\/wp\/v2\/pages\/13087","targetHints":{"allow":["GET"]}}],"collection":[{"href":"https:\/\/heloa.app\/en\/wp-json\/wp\/v2\/pages"}],"about":[{"href":"https:\/\/heloa.app\/en\/wp-json\/wp\/v2\/types\/page"}],"author":[{"embeddable":true,"href":"https:\/\/heloa.app\/en\/wp-json\/wp\/v2\/users\/4"}],"replies":[{"embeddable":true,"href":"https:\/\/heloa.app\/en\/wp-json\/wp\/v2\/comments?post=13087"}],"version-history":[{"count":0,"href":"https:\/\/heloa.app\/en\/wp-json\/wp\/v2\/pages\/13087\/revisions"}],"wp:attachment":[{"href":"https:\/\/heloa.app\/en\/wp-json\/wp\/v2\/media?parent=13087"}],"curies":[{"name":"wp","href":"https:\/\/api.w.org\/{rel}","templated":true}]}}