{"id":13044,"date":"2022-03-17T14:08:36","date_gmt":"2022-03-17T13:08:36","guid":{"rendered":"https:\/\/heloa.app\/marketing-partners"},"modified":"2025-04-18T03:10:17","modified_gmt":"2025-04-18T01:10:17","slug":"marketing-partners","status":"publish","type":"page","link":"https:\/\/heloa.app\/en-in\/marketing-partners","title":{"rendered":"Marketing partners"},"content":{"rendered":"<p>Since January 2022, Heloa has been building new partnerships with brands with shared values to enable visibility exchanges.<\/p><h2 id=\"brut\">Gross<\/h2><figure class=\"kg-card kg-image-card kg-card-hascaption\"><img decoding=\"async\" src=\"https:\/\/heloa.app\/wp-content\/uploads\/2023\/07\/Brut.png\" class=\"kg-image\" alt=\"\" loading=\"lazy\" width=\"304\" height=\"200\"><figcaption><span style=\"white-space: pre-wrap;\">Brut x Heloa &#8211; partner since 2022<\/span><\/figcaption><\/figure><p>In May 2022, the <a href=\"https:\/\/www.brut.media\/fr\/health\/malo-l-application-qui-veille-au-bien-etre-des-parents-0a5fb2d3-6e9d-4b47-a0c5-acaefa38b7a5\" target=\"_blank\" rel=\"noopener\">Brut<\/a> media and Heloa formed a partnership to raise public awareness of maternal burn-out.<\/p><p><\/p><h2 id=\"magicmaman\">Magicmaman<\/h2><figure class=\"kg-card kg-image-card kg-card-hascaption\"><img decoding=\"async\" src=\"https:\/\/heloa.app\/wp-content\/uploads\/2023\/07\/magicmaman.png\" class=\"kg-image\" alt=\"\" loading=\"lazy\" width=\"304\" height=\"200\"><figcaption><span style=\"white-space: pre-wrap;\">magicMaman x Heloa &#8211; partner since 2022<\/span><\/figcaption><\/figure><p>In September 2022, <a href=\"https:\/\/www.magicmaman.com\/magicmaman-lance-la-semaine-de-sensibilisation-au-post-partum,3709235.asp\" target=\"_blank\" rel=\"noopener\">Magicmaman<\/a> magazine organized a postpartum awareness week in partnership with the Heloa app!<\/p><h2 id=\"alice-jeunesse\"><br>Alice Jeunesse<\/h2><figure class=\"kg-card kg-image-card kg-card-hascaption\"><img decoding=\"async\" src=\"https:\/\/heloa.app\/wp-content\/uploads\/2023\/07\/alice-jeunesse.png\" class=\"kg-image\" alt=\"\" loading=\"lazy\" width=\"304\" height=\"200\"><figcaption><span style=\"white-space: pre-wrap;\">Alice jeunesse x Heloa &#8211; partner since 2022<\/span><\/figcaption><\/figure><p>As a committed publisher of children&#8217;s books, <a href=\"https:\/\/www.alice-editions.be\/qui-sommes-nous\/\" target=\"_blank\" rel=\"noopener\">Alice Jeunesse<\/a> aims to inspire emotion and reflection in the youngest readers with books that convey strong values. A partnership with Heloa is the result of a social media activation.   <\/p><p><\/p><h2 id=\"medintechs\">MedInTechs<\/h2><figure class=\"kg-card kg-image-card kg-card-hascaption\"><img decoding=\"async\" src=\"https:\/\/heloa.app\/wp-content\/uploads\/2023\/07\/medintechs.png\" class=\"kg-image\" alt=\"\" loading=\"lazy\" width=\"304\" height=\"200\"><figcaption><span style=\"white-space: pre-wrap;\">MedInTechs x Heloa &#8211; partner since 2022<\/span><\/figcaption><\/figure><p><a href=\"https:\/\/www.medintechs.com\/\" target=\"_blank\" rel=\"noopener\">MedInTechs<\/a> is a year-round showcase for innovation in healthcare, providing a platform for positive communication and networking around promising healthcare innovation. It connects the ecosystem of healthcare, innovation and new technologies with the general public. <\/p><h2 id=\"copl\">Copl<\/h2><figure class=\"kg-card kg-image-card kg-card-hascaption\"><img decoding=\"async\" src=\"https:\/\/heloa.app\/wp-content\/uploads\/2023\/07\/Copl.png\" class=\"kg-image\" alt=\"\" loading=\"lazy\" width=\"304\" height=\"200\"><figcaption><span style=\"white-space: pre-wrap;\">Copl x Heloa &#8211; partner since 2022<\/span><\/figcaption><\/figure><p><a href=\"https:\/\/copl.be\/\" target=\"_blank\" rel=\"noopener\">Copl<\/a> is an interactive guide to managing your relationship, whatever happens, day after day. Alongside experts, Copl helps you make the right choices in your relationship. <\/p><h2 id=\"lyv\">Lyv<\/h2><figure class=\"kg-card kg-image-card kg-card-hascaption\"><img decoding=\"async\" src=\"https:\/\/heloa.app\/wp-content\/uploads\/2023\/07\/Lyv.png\" class=\"kg-image\" alt=\"\" loading=\"lazy\" width=\"304\" height=\"200\"><figcaption><span style=\"white-space: pre-wrap;\">Lyv x Heloa &#8211; partner 2022<\/span><\/figcaption><\/figure><p>Both an educational platform and a toolbox, <a href=\"https:\/\/www.lyv.app\/\" target=\"_blank\" rel=\"noopener\">Lyv<\/a> provides women with <a href=\"https:\/\/heloa.app\/en-in\/blog\/parents\/health\/endometriosis-essential-knowledge\">endometriosis<\/a> with information and practical solutions to ease the burden of the disease on their daily lives. Lyv is a free website and online magazine that provides reliable, scientific answers to all the questions the disease can raise. Lyv is also La School Of Endo, a digital school to help you better understand endometriosis, learn how to target symptoms and thus improve the daily lives of women suffering from it.  <\/p><h3 id=\"wounded-women\">Wounded Women<\/h3><figure class=\"kg-card kg-image-card kg-card-hascaption\"><img decoding=\"async\" src=\"https:\/\/heloa.app\/wp-content\/uploads\/2023\/07\/Wonded-women.png\" class=\"kg-image\" alt=\"\" loading=\"lazy\" width=\"304\" height=\"200\"><figcaption><span style=\"white-space: pre-wrap;\">Wounded women x Heloa &#8211; Partner since 2023<\/span><\/figcaption><\/figure><p><a href=\"https:\/\/www.woundedwomen.fr\/\" target=\"_blank\" rel=\"noopener\">Wounded Women<\/a> informs and accompanies women living with scars, helping them to build their own post-operative comfort care path and making them active participants in their own health. Wounded Women is also the first lingerie dedicated to the comfort of women&#8217;s tummies post-partum, post-operatively and every day of their lives, recommended by healthcare professionals and available in partner pharmacies. <\/p><h3 id=\"cit%C3%A9-de-la-sant%C3%A9\">Health City<\/h3><figure class=\"kg-card kg-image-card kg-card-hascaption\"><img decoding=\"async\" src=\"https:\/\/heloa.app\/wp-content\/uploads\/2023\/07\/cite--de-la-sante-.png\" class=\"kg-image\" alt=\"\" loading=\"lazy\" width=\"304\" height=\"200\"><figcaption><span style=\"white-space: pre-wrap;\">Cit\u00e9 de la sant\u00e9 x Heloa &#8211; partner since 2023<\/span><\/figcaption><\/figure><p>Free access, on site and online, <a href=\"https:\/\/www.cite-sciences.fr\/fr\/au-programme\/lieux-ressources\/cite-de-la-sante%20\" target=\"_blank\" rel=\"noopener\"><strong>the Cit\u00e9 de la sant\u00e9<\/strong><\/a> is a documentation resource center and a place to meet, get information and meet people, located in the heart of the Cit\u00e9 library. The Cit\u00e9 de la sant\u00e9 teams offer advice, workshops, exhibitions and meetings with health professionals and patient associations. <\/p><h3 id=\"minipouce\">Minipouce<\/h3><figure class=\"kg-card kg-image-card kg-card-hascaption\"><img decoding=\"async\" src=\"https:\/\/heloa.app\/wp-content\/uploads\/2023\/07\/minipouce.png\" class=\"kg-image\" alt=\"\" loading=\"lazy\" width=\"304\" height=\"200\"><figcaption><span style=\"white-space: pre-wrap;\">minipouce x Heloa &#8211; partner since 2023<\/span><\/figcaption><\/figure><p><a href=\"https:\/\/www.minipouce.fr\/\" target=\"_blank\" rel=\"noopener\">minipouce<\/a> is an innovative platform that provides parents-to-be with a fun way to create their birth list and celebrate the arrival of their new child. A selection of inspiring products, multi-boutiques&#8230;. it stands out as a participative financing platform, making it more accessible for friends and family to contribute to the arrival of the <a href=\"https:\/\/heloa.app\/en-in\/blog\/0-12-months\/development\/newborn-care-routines-milestones-family\">newborn<\/a> via an online kitty.  <\/p><h3 id=\"blush\">Blush<\/h3><figure class=\"kg-card kg-image-card kg-card-hascaption\"><img decoding=\"async\" src=\"https:\/\/heloa.app\/wp-content\/uploads\/2023\/07\/blush.png\" class=\"kg-image\" alt=\"\" loading=\"lazy\" width=\"304\" height=\"200\"><figcaption><span style=\"white-space: pre-wrap;\">Blush intimacy x Heloa &#8211; partner since 2023<\/span><\/figcaption><\/figure><p><a href=\"https:\/\/blushintimacy.com\/\" target=\"_blank\" rel=\"noopener\">Blush Intimacy<\/a> is a brand dedicated to intimate well-being, inviting women and couples to take a holistic approach to their well-being by nurturing their sexuality. Founded by a woman, Blush is dedicated to helping bodies explore, discover and (re)conquer each other. Whether for solo pleasure, with your partner for a night or a lifetime.    <\/p><h3 id=\"maiougui\"><br>Maiougui<\/h3><figure class=\"kg-card kg-image-card kg-card-hascaption\"><img decoding=\"async\" src=\"https:\/\/heloa.app\/wp-content\/uploads\/2023\/07\/maiougui.png\" class=\"kg-image\" alt=\"\" loading=\"lazy\" width=\"304\" height=\"200\"><figcaption><span style=\"white-space: pre-wrap;\">Maiougui x Heloa &#8211; partner since 2023<\/span><\/figcaption><\/figure><p><a href=\"https:\/\/maiougui.com\/\" target=\"_blank\" rel=\"noopener\">Maiougui<\/a>, designer of creative and thoughtful logbooks and kits to accompany individuals and families on life&#8217;s adventures! Founded by a printer, a publisher and a marriage and family counselor, Maiougui develops parenting tools on a variety of themes. <\/p><h3 id=\"coqo\">Coqo<\/h3><figure class=\"kg-card kg-image-card kg-card-hascaption\"><img decoding=\"async\" src=\"https:\/\/heloa.app\/wp-content\/uploads\/2023\/11\/LOGO_COQO_VF_LOGO-PRINCIPAL-1.jpg\" class=\"kg-image\" alt=\"\" loading=\"lazy\" width=\"120\" height=\"60\"><figcaption><span style=\"white-space: pre-wrap;\">Coqo App x Heloa &#8211; partner since 2023<\/span><\/figcaption><\/figure><p>If you&#8217;re the parent of an ecologically aware toddler aged 0 to 3, and you&#8217;re looking for a guide to help you buy more responsibly, <a href=\"https:\/\/www.coqo.fr\/\" rel=\"noreferrer noopener\" target=\"_blank\">Coqo<\/a> is a <strong>collaborative<\/strong> application that references all childcare products.  <br><\/p><h3 id=\"milky-date\">Milky Date<\/h3><figure class=\"kg-card kg-image-card\"><a href=\"https:\/\/apps.apple.com\/fr\/app\/milky-date\/id6446779177?l=en\" target=\"_blank\" rel=\"noopener\"><img decoding=\"async\" src=\"https:\/\/heloa.app\/wp-content\/uploads\/2024\/06\/MILKY-DATE-LOGO-01.png\" class=\"kg-image\" alt=\"\" loading=\"lazy\" width=\"286\" height=\"359\"><\/a><\/figure><p><a href=\"https:\/\/milkydate.com\/\" rel=\"noreferrer noopener\" target=\"_blank\">Milky Date<\/a> was created by Alice Planchenault Dalgic, a solopreneur committed to helping future and new parents.<br>After suffering from <a href=\"https:\/\/heloa.app\/en-in\/blog\/parents\/post-partum\/postpartum-depression-support-awareness\">postpartum depression<\/a>, Alice&#8217;s mission is to break maternal-parental solitude.<br>In an increasingly connected world, it&#8217;s essential to offer future and new parents a space where they can share their experiences and connect with others who share the same daily joys, difficulties and concerns.<br>That&#8217;s where Milky Date comes in. Milky Date is here to transform your daily life! The ultimate goal of Milky Date is to break the maternal-parental solitude before but especially after the arrival of a child.<br>Milky Date is a free, innovative and inclusive application that makes it easy for you to meet other future and new parents near you.<br>&#8220;Because it takes a whole Team to become a parent.&#8221; Alice Milky Date also brings you exclusive offers and discounts every day.<br>Connect now and embark on an incredible adventure with other future and new parents like you.   <\/p>","protected":false},"excerpt":{"rendered":"<p>Since January 2022, Heloa has been building new partnerships with brands with shared values to enable visibility exchanges.GrossBrut x Heloa &#8211; partner since 2022In May 2022, the Brut media and Heloa formed a partnership to raise public awareness of maternal burn-out.MagicmamanmagicMaman x Heloa &#8211; partner since 2022In September 2022, Magicmaman magazine organized a postpartum awareness&#8230;<\/p>\n","protected":false},"author":4,"featured_media":0,"parent":0,"menu_order":0,"comment_status":"closed","ping_status":"closed","template":"","meta":{"_acf_changed":false,"_kad_blocks_custom_css":"","_kad_blocks_head_custom_js":"","_kad_blocks_body_custom_js":"","_kad_blocks_footer_custom_js":"","_kad_post_transparent":"","_kad_post_title":"","_kad_post_layout":"","_kad_post_sidebar_id":"","_kad_post_content_style":"","_kad_post_vertical_padding":"","_kad_post_feature":"","_kad_post_feature_position":"","_kad_post_header":false,"_kad_post_footer":false,"_kad_post_classname":"","footnotes":""},"class_list":["post-13044","page","type-page","status-publish","hentry"],"acf":[],"taxonomy_info":[],"featured_image_src_large":false,"author_info":{"display_name":"Heloa","author_link":"https:\/\/heloa.app\/en-in\/author\/expert-heloa"},"comment_info":0,"_links":{"self":[{"href":"https:\/\/heloa.app\/en-in\/wp-json\/wp\/v2\/pages\/13044","targetHints":{"allow":["GET"]}}],"collection":[{"href":"https:\/\/heloa.app\/en-in\/wp-json\/wp\/v2\/pages"}],"about":[{"href":"https:\/\/heloa.app\/en-in\/wp-json\/wp\/v2\/types\/page"}],"author":[{"embeddable":true,"href":"https:\/\/heloa.app\/en-in\/wp-json\/wp\/v2\/users\/4"}],"replies":[{"embeddable":true,"href":"https:\/\/heloa.app\/en-in\/wp-json\/wp\/v2\/comments?post=13044"}],"version-history":[{"count":2,"href":"https:\/\/heloa.app\/en-in\/wp-json\/wp\/v2\/pages\/13044\/revisions"}],"predecessor-version":[{"id":14394,"href":"https:\/\/heloa.app\/en-in\/wp-json\/wp\/v2\/pages\/13044\/revisions\/14394"}],"wp:attachment":[{"href":"https:\/\/heloa.app\/en-in\/wp-json\/wp\/v2\/media?parent=13044"}],"curies":[{"name":"wp","href":"https:\/\/api.w.org\/{rel}","templated":true}]}}